{"id":4423,"date":"2020-02-04T16:08:29","date_gmt":"2020-02-04T16:08:29","guid":{"rendered":"https:\/\/www.portimar.com\/homepage\/loule\/"},"modified":"2020-02-11T13:49:28","modified_gmt":"2020-02-11T13:49:28","slug":"loule","status":"publish","type":"page","link":"https:\/\/www.portimar.com\/de\/homepage\/loule\/","title":{"rendered":"Loul\u00e9"},"content":{"rendered":"\n<h4>Mit ihren historischen Merkmalen, die das Stadtzentrum kennzeichnen, verf\u00fcgt Loul\u00e9 \u00fcber eine breite Palette an Denkm\u00e4lern, typischen H\u00e4userecken und einzigartigen Gassen.<\/h4>\n\n\n\n<p>Loul\u00e9 liegt erstklassig im Zentrum der Algarve. Loul\u00e9 liegt in einer Region mit sanften H\u00fcgeln, die sich zwischen den malerischen D\u00f6rfern der Serra do Caldeir\u00e3o und der herrlichen K\u00fcste der Algarve erstreckt. Loul\u00e9 ist eine gesch\u00e4ftige Handelsstadt, die sich von der entspannten K\u00fcstenatmosph\u00e4re der Badeorte abhebt.<\/p>\n\n\n\n<p>Von Loul\u00e9 bleiben uns sch\u00f6ne Erinnerungen an die Echtheit und Authentizit\u00e4t seiner Menschen, an die Gastronomie und an das gut erhaltene handwerkliche Wissen.<\/p>\n\n\n\n<p>Bei der Erkundung der historischen Stra\u00dfen der Stadt sto\u00dfen wir auf diejenigen, deren Weisheit die Urspr\u00fcnge der Gegenwart in ihren H\u00e4nden bewahrt, die Handwerker und die W\u00e4chter der Vergangenheit, die t\u00e4glich kleine Teile der Geschichte nachbilden und die t\u00e4glichen Gewohnheiten und Traditionen vieler Menschen einbringen, die in der Region lebten.<\/p>\n\n\n\n<div class=\"wp-block-kobu-custom-blocks-responsive-spacer responsive-spacer size-small\"><\/div>\n\n\n\n<div class=\"wp-block-kobu-custom-blocks-slider-gallery slider-gallery gallery-container hidden\"><div class=\"gallery\" role=\"list\"><div class=\"slide\" role=\"listitem\"><div class=\"figure-wrapper\" style=\"background-image:url(https:\/\/www.portimar.com\/files\/uploads\/2020\/01\/3O2A6394.jpg)\"><figure><img src=\"https:\/\/www.portimar.com\/files\/uploads\/2020\/01\/3O2A6394.jpg\" alt=\"\"\/><\/figure><\/div><\/div><div class=\"slide\" role=\"listitem\"><div class=\"figure-wrapper\" style=\"background-image:url(https:\/\/www.portimar.com\/files\/uploads\/2020\/01\/3O2A6845.jpg)\"><figure><img src=\"https:\/\/www.portimar.com\/files\/uploads\/2020\/01\/3O2A6845.jpg\" alt=\"\"\/><\/figure><\/div><\/div><div class=\"slide\" role=\"listitem\"><div class=\"figure-wrapper\" style=\"background-image:url(https:\/\/www.portimar.com\/files\/uploads\/2020\/01\/3O2A7216.jpg)\"><figure><img src=\"https:\/\/www.portimar.com\/files\/uploads\/2020\/01\/3O2A7216.jpg\" alt=\"\"\/><\/figure><\/div><\/div><div class=\"slide\" role=\"listitem\"><div class=\"figure-wrapper\" style=\"background-image:url(https:\/\/www.portimar.com\/files\/uploads\/2020\/01\/3O2A7352.jpg)\"><figure><img src=\"https:\/\/www.portimar.com\/files\/uploads\/2020\/01\/3O2A7352.jpg\" alt=\"\"\/><\/figure><\/div><\/div><div class=\"slide\" role=\"listitem\"><div class=\"figure-wrapper\" style=\"background-image:url(https:\/\/www.portimar.com\/files\/uploads\/2020\/01\/3O2A6413.jpg)\"><figure><img src=\"https:\/\/www.portimar.com\/files\/uploads\/2020\/01\/3O2A6413.jpg\" alt=\"\"\/><\/figure><\/div><\/div><\/div><\/div>\n\n\n\n<div class=\"wp-block-kobu-custom-blocks-responsive-spacer responsive-spacer size-small\"><\/div>\n\n\n\n<p>In der islamischen Zeit war Loul\u00e9 eines der Hauptzentren und einer der meisterw\u00e4hntesten Orte der arabischen Geographen, die das Gebiet der Algarve beschrieben. Die \u00dcberreste der Burg und Stadtmauern, best\u00e4tigt die Bedeutung im islamischen Kontext, sowohl f\u00fcr die Gr\u00f6\u00dfe des ummauerten Zauns als auch f\u00fcr seine k\u00fcnstlerische und arch\u00e4ologische Relevanz.<\/p>\n\n\n\n<p>Loul\u00e9 erinnert uns immer wieder an alte Zeiten, die in den Denkm\u00e4lern des historischen Viertels erhalten geblieben sind, echte Zeugnisse einer kunstvoll reproduzierten Vergangenheit in mehreren emblematischen Geb\u00e4uden, wie dem Stadtmarkt, dem wichtigsten Wahrzeichen der Stadt.<\/p>\n\n\n\n<p>Der 2008 mit dem Tourismuspreis \u201cPr\u00e9mio Turismo\u201c ausgezeichnete st\u00e4dtische Markt, auch \u201cA Pra\u00e7a\u201c (\u201cDer Platz\u201c) genannt, ist f\u00fcr viele immer noch ein Anlaufpunkt zum Einkaufen, denn hier findet man den besten Fisch, Obst und Gem\u00fcse sowie verschiedenes Kunsthandwerk.<\/p>\n\n\n\n<div class=\"wp-block-kobu-custom-blocks-responsive-spacer responsive-spacer size-small\"><\/div>\n\n\n\n<figure class=\"wp-block-kobu-custom-blocks-custom-video media-wrapper\" data-settings=\"{&quot;webm&quot;:&quot;&quot;,&quot;mp4&quot;:&quot;https:\/\/www.portimar.com\/files\/uploads\/2020\/01\/PTM_LouleCriativo_EN__1920x1080px_WebRES.mp4&quot;,&quot;ogg&quot;:&quot;&quot;,&quot;track&quot;:&quot;https:\/\/www.portimar.com\/files\/uploads\/2020\/01\/PTM_LouleCriativo_EN__ClosedCaptions.srt&quot;,&quot;trackKind&quot;:&quot;subtitles&quot;,&quot;trackSrclang&quot;:&quot;en&quot;,&quot;autoplay&quot;:false,&quot;loop&quot;:false,&quot;muted&quot;:false,&quot;controls&quot;:true,&quot;preload&quot;:&quot;metadata&quot;}\"><div class=\"video-placeholder\" style=\"background-image:url(https:\/\/www.portimar.com\/files\/uploads\/2020\/01\/Screenshot-2020-01-21-at-15.10.55-1.png);padding-top:56.25%\"><img src=\"https:\/\/www.portimar.com\/files\/uploads\/2020\/01\/Screenshot-2020-01-21-at-15.10.55-1.png\" alt=\"\"\/><\/div><noscript><video controls preload=\"metadata\" poster=\"https:\/\/www.portimar.com\/files\/uploads\/2020\/01\/Screenshot-2020-01-21-at-15.10.55-1.png\"><source src=\"https:\/\/www.portimar.com\/files\/uploads\/2020\/01\/PTM_LouleCriativo_EN__1920x1080px_WebRES.mp4\" type=\"video\/mp4\"\/><track default kind=\"subtitles\" srclang=\"en\" src=\"https:\/\/www.portimar.com\/files\/uploads\/2020\/01\/PTM_LouleCriativo_EN__ClosedCaptions.srt\"\/><\/video><\/noscript><\/figure>\n\n\n\n<div class=\"wp-block-kobu-custom-blocks-responsive-spacer responsive-spacer size-medium\"><\/div>\n","protected":false},"excerpt":{"rendered":"<p>Mit ihren historischen Merkmalen, die das Stadtzentrum kennzeichnen, verf\u00fcgt Loul\u00e9 \u00fcber eine breite Palette an Denkm\u00e4lern, typischen H\u00e4userecken und einzigartigen Gassen. Loul\u00e9 liegt erstklassig im Zentrum der Algarve. Loul\u00e9 liegt in einer Region mit sanften H\u00fcgeln, die sich zwischen den malerischen D\u00f6rfern der Serra do Caldeir\u00e3o und der herrlichen K\u00fcste der Algarve erstreckt. Loul\u00e9 ist [&hellip;]<\/p>\n","protected":false},"author":2,"featured_media":4252,"parent":954,"menu_order":0,"comment_status":"closed","ping_status":"closed","template":"templates\/location.php","meta":[],"_links":{"self":[{"href":"https:\/\/www.portimar.com\/de\/wp-json\/wp\/v2\/pages\/4423"}],"collection":[{"href":"https:\/\/www.portimar.com\/de\/wp-json\/wp\/v2\/pages"}],"about":[{"href":"https:\/\/www.portimar.com\/de\/wp-json\/wp\/v2\/types\/page"}],"author":[{"embeddable":true,"href":"https:\/\/www.portimar.com\/de\/wp-json\/wp\/v2\/users\/2"}],"replies":[{"embeddable":true,"href":"https:\/\/www.portimar.com\/de\/wp-json\/wp\/v2\/comments?post=4423"}],"version-history":[{"count":4,"href":"https:\/\/www.portimar.com\/de\/wp-json\/wp\/v2\/pages\/4423\/revisions"}],"predecessor-version":[{"id":4430,"href":"https:\/\/www.portimar.com\/de\/wp-json\/wp\/v2\/pages\/4423\/revisions\/4430"}],"up":[{"embeddable":true,"href":"https:\/\/www.portimar.com\/de\/wp-json\/wp\/v2\/pages\/954"}],"wp:featuredmedia":[{"embeddable":true,"href":"https:\/\/www.portimar.com\/de\/wp-json\/wp\/v2\/media\/4252"}],"wp:attachment":[{"href":"https:\/\/www.portimar.com\/de\/wp-json\/wp\/v2\/media?parent=4423"}],"curies":[{"name":"wp","href":"https:\/\/api.w.org\/{rel}","templated":true}]}}