{"id":4444,"date":"2020-02-04T16:45:40","date_gmt":"2020-02-04T16:45:40","guid":{"rendered":"https:\/\/www.portimar.com\/homepage\/piodao\/"},"modified":"2020-02-11T14:06:22","modified_gmt":"2020-02-11T14:06:22","slug":"piodao","status":"publish","type":"page","link":"https:\/\/www.portimar.com\/de\/homepage\/piodao\/","title":{"rendered":"Pi\u00f3d\u00e3o"},"content":{"rendered":"\n<h4>Das Dorf Pi\u00f3d\u00e3o, auch als \u201eKrippendorf\u201c bekannt, l\u00e4dt uns mit dem Farbton und der Anordnung seiner Schieferh\u00e4user ein, eine malerische Welt kennenzulernen.<\/h4>\n\n\n\n<p>Pi\u00f3d\u00e3o ist eines der historischen D\u00f6rfer Portugals, wo die Zeit die Sch\u00f6nheit der Region bewahrt und es unz\u00e4hlige Sehensw\u00fcrdigkeiten zu besuchen gibt, in deren Charme man sich verlieren kann.<\/p>\n\n\n\n<p>Das majest\u00e4tische Dorf Pi\u00f3d\u00e3o liegt in einem herrlichen Tal, gesch\u00fctzt vor den starken Winden, die auf die Spitze der atemberaubenden Serra do A\u00e7or treffen. Es erinnert an das Bild der Krippe, da die H\u00e4user harmonisch und amphitheaterf\u00f6rmig angeordnet sind.<\/p>\n\n\n\n<div class=\"wp-block-kobu-custom-blocks-responsive-spacer responsive-spacer size-small\"><\/div>\n\n\n\n<div class=\"wp-block-kobu-custom-blocks-slider-gallery slider-gallery gallery-container hidden\"><div class=\"gallery\" role=\"list\"><div class=\"slide\" role=\"listitem\"><div class=\"figure-wrapper\" style=\"background-image:url(https:\/\/www.portimar.com\/files\/uploads\/2019\/09\/26986300548_b666b24873_o.jpg)\"><figure><img src=\"https:\/\/www.portimar.com\/files\/uploads\/2019\/09\/26986300548_b666b24873_o.jpg\" alt=\"\"\/><\/figure><\/div><\/div><div class=\"slide\" role=\"listitem\"><div class=\"figure-wrapper\" style=\"background-image:url(https:\/\/www.portimar.com\/files\/uploads\/2019\/09\/39144451530_eca377fd2a_k.jpg)\"><figure><img src=\"https:\/\/www.portimar.com\/files\/uploads\/2019\/09\/39144451530_eca377fd2a_k.jpg\" alt=\"\"\/><\/figure><\/div><\/div><div class=\"slide\" role=\"listitem\"><div class=\"figure-wrapper\" style=\"background-image:url(https:\/\/www.portimar.com\/files\/uploads\/2019\/09\/40015059560_27872d9f8a_k.jpg)\"><figure><img src=\"https:\/\/www.portimar.com\/files\/uploads\/2019\/09\/40015059560_27872d9f8a_k.jpg\" alt=\"\"\/><\/figure><\/div><\/div><div class=\"slide\" role=\"listitem\"><div class=\"figure-wrapper\" style=\"background-image:url(https:\/\/www.portimar.com\/files\/uploads\/2019\/09\/40923619055_cbb4428b35_k.jpg)\"><figure><img src=\"https:\/\/www.portimar.com\/files\/uploads\/2019\/09\/40923619055_cbb4428b35_k.jpg\" alt=\"\"\/><\/figure><\/div><\/div><\/div><\/div>\n\n\n\n<div class=\"wp-block-kobu-custom-blocks-responsive-spacer responsive-spacer size-small\"><\/div>\n\n\n\n<p>Es sind die Traditionen, die dem Dorf und den Einheimischen ihren Charakter verleihen, die uns vom ersten Moment an das Gef\u00fchl geben, zu Hause zu sein, bevor wir uns auf den Weg zu einem neuen Abenteuer machen.<\/p>\n\n\n\n<p>Obwohl einige Traditionen verloren gegangen sind, bleiben andere bestehen und sind f\u00fcr Besucher sichtbar.<\/p>\n\n\n\n<p>An den Sturzen der traditionell blau gestrichenen T\u00fcren sind Kreuze angebracht, ein Brauch der Piodenser, die am Tag von Santa Cruz, nachdem sie zur Messe gegangen sind, ein kleines Holzkreuz mit Lorbeer- und Olivenblatt an die Eingangst\u00fcren der H\u00e4user nageln und so den Schutz von Santa Barbara gegen das raue Wetter beschw\u00f6ren.<br><br>Die handwerkliche Produktion von Schiefergegenst\u00e4nden wie Miniaturen von Pi\u00f3d\u00e3o-H\u00e4usern, K\u00f6rben, L\u00f6ffeln und Holzschalen ist ebenfalls sehr charakteristisch f\u00fcr dieses Dorf. Auf dem Kirchplatz finden wir Kunsthandwerks- und Spirituosenh\u00e4ndler, die uns die Aromen von Pi\u00f3d\u00e3o mit seinem k\u00f6stlichem Kartoffelbrot, Honig, Bergk\u00e4se, Lik\u00f6r oder Brandy probieren lassen.<\/p>\n\n\n\n<div class=\"wp-block-kobu-custom-blocks-responsive-spacer responsive-spacer size-medium\"><\/div>\n\n\n\n<figure class=\"wp-block-embed-youtube wp-block-embed is-type-video is-provider-youtube wp-embed-aspect-16-9 wp-has-aspect-ratio\"><div class=\"wp-block-embed__wrapper\">\n<div class=\"youtube embed-container youtube\"><div class=\"video-placeholder\" style=\"background-image: url(https:\/\/img.youtube.com\/vi\/Drg_Mqm6Uys\/hqdefault.jpg);\"><\/div><div class=\"iframe youtube-video\" title=\"\u201cInside\u201d: vencedor do ART&amp;TUR Factory 2018\" data-iframe-src=\"Drg_Mqm6Uys\" data-iframe-origin=\"https:\/\/www.portimar.com\/de\/\" data-iframe-start=\"0\"><noscript><iframe loading=\"lazy\" class=\"youtube-video\" title=\"Youtube video\" width=\"640\" height=\"360\" src=\"https:\/\/www.youtube.com\/embed\/Drg_Mqm6Uys?modestbranding=1&#038;showinfo=0&#038;rel=0&#038;enablejsapi=1&#038;origin=https:\/\/www.portimar.com\/de\/\" webkitallowfullscreen mozallowfullscreen allowfullscreen> <\/iframe><\/noscript><\/div><\/div>\n<\/div><\/figure>\n\n\n\n<div class=\"wp-block-kobu-custom-blocks-responsive-spacer responsive-spacer size-medium\"><\/div>\n\n\n\n<p><\/p>\n","protected":false},"excerpt":{"rendered":"<p>Das Dorf Pi\u00f3d\u00e3o, auch als \u201eKrippendorf\u201c bekannt, l\u00e4dt uns mit dem Farbton und der Anordnung seiner Schieferh\u00e4user ein, eine malerische Welt kennenzulernen. Pi\u00f3d\u00e3o ist eines der historischen D\u00f6rfer Portugals, wo die Zeit die Sch\u00f6nheit der Region bewahrt und es unz\u00e4hlige Sehensw\u00fcrdigkeiten zu besuchen gibt, in deren Charme man sich verlieren kann. Das majest\u00e4tische Dorf Pi\u00f3d\u00e3o [&hellip;]<\/p>\n","protected":false},"author":2,"featured_media":2676,"parent":954,"menu_order":0,"comment_status":"closed","ping_status":"closed","template":"templates\/location.php","meta":[],"_links":{"self":[{"href":"https:\/\/www.portimar.com\/de\/wp-json\/wp\/v2\/pages\/4444"}],"collection":[{"href":"https:\/\/www.portimar.com\/de\/wp-json\/wp\/v2\/pages"}],"about":[{"href":"https:\/\/www.portimar.com\/de\/wp-json\/wp\/v2\/types\/page"}],"author":[{"embeddable":true,"href":"https:\/\/www.portimar.com\/de\/wp-json\/wp\/v2\/users\/2"}],"replies":[{"embeddable":true,"href":"https:\/\/www.portimar.com\/de\/wp-json\/wp\/v2\/comments?post=4444"}],"version-history":[{"count":4,"href":"https:\/\/www.portimar.com\/de\/wp-json\/wp\/v2\/pages\/4444\/revisions"}],"predecessor-version":[{"id":4451,"href":"https:\/\/www.portimar.com\/de\/wp-json\/wp\/v2\/pages\/4444\/revisions\/4451"}],"up":[{"embeddable":true,"href":"https:\/\/www.portimar.com\/de\/wp-json\/wp\/v2\/pages\/954"}],"wp:featuredmedia":[{"embeddable":true,"href":"https:\/\/www.portimar.com\/de\/wp-json\/wp\/v2\/media\/2676"}],"wp:attachment":[{"href":"https:\/\/www.portimar.com\/de\/wp-json\/wp\/v2\/media?parent=4444"}],"curies":[{"name":"wp","href":"https:\/\/api.w.org\/{rel}","templated":true}]}}