{"id":4454,"date":"2020-02-04T17:07:40","date_gmt":"2020-02-04T17:07:40","guid":{"rendered":"https:\/\/www.portimar.com\/homepage\/porto\/"},"modified":"2020-02-11T14:07:49","modified_gmt":"2020-02-11T14:07:49","slug":"porto","status":"publish","type":"page","link":"https:\/\/www.portimar.com\/de\/homepage\/porto\/","title":{"rendered":"Porto"},"content":{"rendered":"\n<h4>Diese Stadt hat etwas Mystisches, das je nach Ort, Zeit und Tageslicht variiert, aber sicherlich an den Menschen vorbeistreift, die dort leben.<\/h4>\n\n\n\n<p>Es ist ein einzigartiges Erlebnis, durch die Stra\u00dfen von Porto zu spazieren und den Puls der Stadt zu f\u00fchlen.<\/p>\n\n\n\n<p>Das bescheidene und opulente Porto \u00f6ffnet sich wie ein Buch \u00fcber den Fluss Douro in der Abendd\u00e4mmerung und verf\u00fchrt mit seinem mittelalterlichen Zentrum, g\u00f6ttlichem Essen, Wein und charismatischen Bewohnern.<\/p>\n\n\n\n<p>Von der paradiesischen Kulisse des Douro bis zum Klirren der Weingl\u00e4ser in der Abendd\u00e4mmerung gibt es viele Reize, die Sie beim Bummeln durch die Stra\u00dfen der Stadt entdecken k\u00f6nnen, jeder mit seiner eigenen Geschichte.  <\/p>\n\n\n\n<div class=\"wp-block-kobu-custom-blocks-responsive-spacer responsive-spacer size-small\"><\/div>\n\n\n\n<div class=\"wp-block-kobu-custom-blocks-slider-gallery slider-gallery gallery-container hidden\"><div class=\"gallery\" role=\"list\"><div class=\"slide\" role=\"listitem\"><div class=\"figure-wrapper\" style=\"background-image:url(https:\/\/www.portimar.com\/files\/uploads\/2019\/09\/Porto_shutterstock_113942248-1.jpg)\"><figure><img src=\"https:\/\/www.portimar.com\/files\/uploads\/2019\/09\/Porto_shutterstock_113942248-1.jpg\" alt=\"\"\/><\/figure><\/div><\/div><div class=\"slide\" role=\"listitem\"><div class=\"figure-wrapper\" style=\"background-image:url(https:\/\/www.portimar.com\/files\/uploads\/2019\/09\/Porto_shutterstock_365359853-1.jpg)\"><figure><img src=\"https:\/\/www.portimar.com\/files\/uploads\/2019\/09\/Porto_shutterstock_365359853-1.jpg\" alt=\"\"\/><\/figure><\/div><\/div><div class=\"slide\" role=\"listitem\"><div class=\"figure-wrapper\" style=\"background-image:url(https:\/\/www.portimar.com\/files\/uploads\/2019\/09\/Porto_shutterstock_233117173-1.jpg)\"><figure><img src=\"https:\/\/www.portimar.com\/files\/uploads\/2019\/09\/Porto_shutterstock_233117173-1.jpg\" alt=\"\"\/><\/figure><\/div><\/div><div class=\"slide\" role=\"listitem\"><div class=\"figure-wrapper\" style=\"background-image:url(https:\/\/www.portimar.com\/files\/uploads\/2019\/09\/Porto_shutterstock_217601644-1.jpg)\"><figure><img src=\"https:\/\/www.portimar.com\/files\/uploads\/2019\/09\/Porto_shutterstock_217601644-1.jpg\" alt=\"\"\/><\/figure><\/div><\/div><\/div><\/div>\n\n\n\n<div class=\"wp-block-kobu-custom-blocks-responsive-spacer responsive-spacer size-small\"><\/div>\n\n\n\n<p>Als Weltkulturerbestadt ist es der ideale Ausgangspunkt f\u00fcr eine Reise durch die reiche Natur und kulturelle Vielfalt der Region.<\/p>\n\n\n\n<p>Bekannt f\u00fcr den ber\u00fchmten Wein, der von hier aus in die ganze Welt geht. Aber auch f\u00fcr ein Erbe, welches das Altertum von Kirchen und Denkm\u00e4lern wie der S\u00e9- oder S. Francisco-Kirche mit der Modernit\u00e4t von bemerkenswerten Geb\u00e4uden wie der Casa da M\u00fasica, dem Serralves-Museum und anderen Geb\u00e4uden vereint, verspricht der Charme der Stadt, niemand gleichg\u00fcltig zu stimmen.<\/p>\n\n\n\n<p>In Bezug auf die Gastronomie erobert Portugal seine Besucher mit seinen k\u00f6stlichen Gerichten und dies gilt umso mehr f\u00fcr Porto und die n\u00f6rdliche Region.<\/p>\n\n\n\n<p>In jedem Restaurant, egal ob es raffiniert oder eher bodenst\u00e4ndig ist, wird ein gutes Essen von den ausgezeichneten Douro-Weinen oder dem f\u00fcr die Region typischen frischen Vinho Verde begleitet.<\/p>\n\n\n\n<div class=\"wp-block-kobu-custom-blocks-responsive-spacer responsive-spacer size-small\"><\/div>\n\n\n\n<figure class=\"wp-block-embed-youtube wp-block-embed is-type-video is-provider-youtube wp-embed-aspect-16-9 wp-has-aspect-ratio\"><div class=\"wp-block-embed__wrapper\">\n<div class=\"youtube embed-container youtube\"><div class=\"video-placeholder\" style=\"background-image: url(https:\/\/img.youtube.com\/vi\/snDK7rG3UDE\/hqdefault.jpg);\"><\/div><div class=\"iframe youtube-video\" title=\"Escolha Portugal - Porto e Norte \/ Choose Portugal - Porto and the North (TVI)\" data-iframe-src=\"snDK7rG3UDE\" data-iframe-origin=\"https:\/\/www.portimar.com\/de\/\" data-iframe-start=\"0\"><noscript><iframe loading=\"lazy\" class=\"youtube-video\" title=\"Youtube video\" width=\"640\" height=\"360\" src=\"https:\/\/www.youtube.com\/embed\/snDK7rG3UDE?modestbranding=1&#038;showinfo=0&#038;rel=0&#038;enablejsapi=1&#038;origin=https:\/\/www.portimar.com\/de\/\" webkitallowfullscreen mozallowfullscreen allowfullscreen> <\/iframe><\/noscript><\/div><\/div>\n<\/div><\/figure>\n","protected":false},"excerpt":{"rendered":"<p>Diese Stadt hat etwas Mystisches, das je nach Ort, Zeit und Tageslicht variiert, aber sicherlich an den Menschen vorbeistreift, die dort leben. Es ist ein einzigartiges Erlebnis, durch die Stra\u00dfen von Porto zu spazieren und den Puls der Stadt zu f\u00fchlen. Das bescheidene und opulente Porto \u00f6ffnet sich wie ein Buch \u00fcber den Fluss Douro [&hellip;]<\/p>\n","protected":false},"author":2,"featured_media":2707,"parent":954,"menu_order":0,"comment_status":"closed","ping_status":"closed","template":"templates\/location.php","meta":[],"_links":{"self":[{"href":"https:\/\/www.portimar.com\/de\/wp-json\/wp\/v2\/pages\/4454"}],"collection":[{"href":"https:\/\/www.portimar.com\/de\/wp-json\/wp\/v2\/pages"}],"about":[{"href":"https:\/\/www.portimar.com\/de\/wp-json\/wp\/v2\/types\/page"}],"author":[{"embeddable":true,"href":"https:\/\/www.portimar.com\/de\/wp-json\/wp\/v2\/users\/2"}],"replies":[{"embeddable":true,"href":"https:\/\/www.portimar.com\/de\/wp-json\/wp\/v2\/comments?post=4454"}],"version-history":[{"count":4,"href":"https:\/\/www.portimar.com\/de\/wp-json\/wp\/v2\/pages\/4454\/revisions"}],"predecessor-version":[{"id":4461,"href":"https:\/\/www.portimar.com\/de\/wp-json\/wp\/v2\/pages\/4454\/revisions\/4461"}],"up":[{"embeddable":true,"href":"https:\/\/www.portimar.com\/de\/wp-json\/wp\/v2\/pages\/954"}],"wp:featuredmedia":[{"embeddable":true,"href":"https:\/\/www.portimar.com\/de\/wp-json\/wp\/v2\/media\/2707"}],"wp:attachment":[{"href":"https:\/\/www.portimar.com\/de\/wp-json\/wp\/v2\/media?parent=4454"}],"curies":[{"name":"wp","href":"https:\/\/api.w.org\/{rel}","templated":true}]}}