{"id":5282,"date":"2021-03-04T20:45:40","date_gmt":"2021-03-04T20:45:40","guid":{"rendered":"https:\/\/www.portimar.com\/?page_id=5282"},"modified":"2021-03-05T11:31:33","modified_gmt":"2021-03-05T11:31:33","slug":"verbinden-wir-uns","status":"publish","type":"page","link":"https:\/\/www.portimar.com\/de\/verbinden-wir-uns\/","title":{"rendered":"D\u00fcrfen wir uns mit Ihnen vernetzen?"},"content":{"rendered":"\n<p>Z\u00f6gern Sie nicht, uns eine Nachricht \u00fcber das Formular unten zu senden oder um ein Treffen zu vereinbaren, um mehr \u00fcber unsere Dienstleistungen und Angebote zu erfahren.<\/p>\n\n\n\n<p><\/p>\n\n\n\n<p class=\"has-text-align-center has-blue-color has-text-color has-large-font-size\">Kontaktformula<\/p>\n\n\n<div role=\"form\" class=\"wpcf7\" id=\"wpcf7-f5291-o1\" lang=\"en-US\" dir=\"ltr\">\n<div class=\"screen-reader-response\"><p role=\"status\" aria-live=\"polite\" aria-atomic=\"true\"><\/p> <ul><\/ul><\/div>\n<form action=\"\/de\/wp-json\/wp\/v2\/pages\/5282#wpcf7-f5291-o1\" method=\"post\" class=\"wpcf7-form init\" novalidate=\"novalidate\" data-status=\"init\">\n<div style=\"display: none;\">\n<input type=\"hidden\" name=\"_wpcf7\" value=\"5291\" \/>\n<input type=\"hidden\" name=\"_wpcf7_version\" value=\"5.4.2\" \/>\n<input type=\"hidden\" name=\"_wpcf7_locale\" value=\"en_US\" \/>\n<input type=\"hidden\" name=\"_wpcf7_unit_tag\" value=\"wpcf7-f5291-o1\" \/>\n<input type=\"hidden\" name=\"_wpcf7_container_post\" value=\"0\" \/>\n<input type=\"hidden\" name=\"_wpcf7_posted_data_hash\" value=\"\" \/>\n<input type=\"hidden\" name=\"_wpcf7_recaptcha_response\" value=\"\" \/>\n<\/div>\n<div class=\"row\">\n<div class=\"col50\">\n<div class=\"form-input\">\n      <label for=\"contact-name\" class=\"sr-only\">Name<\/label><span class=\"wpcf7-form-control-wrap contact-name\"><input type=\"text\" name=\"contact-name\" value=\"\" size=\"40\" class=\"wpcf7-form-control wpcf7-text wpcf7-validates-as-required\" id=\"contact-name\" aria-required=\"true\" aria-invalid=\"false\" placeholder=\"Name*\" \/><\/span>\n    <\/div>\n<div class=\"form-input\">\n      <label for=\"contact-company\" class=\"sr-only\"> Agentur \/ Firma <\/label><span class=\"wpcf7-form-control-wrap contact-company\"><input type=\"text\" name=\"contact-company\" value=\"\" size=\"40\" class=\"wpcf7-form-control wpcf7-text wpcf7-validates-as-required\" id=\"contact-company\" aria-required=\"true\" aria-invalid=\"false\" placeholder=\"Agentur \/ Firma*\" \/><\/span>\n    <\/div>\n<div class=\"form-input\">\n      <label for=\"contact-email\" class=\"sr-only\">E-mail<\/label><span class=\"wpcf7-form-control-wrap contact-email\"><input type=\"email\" name=\"contact-email\" value=\"\" size=\"40\" class=\"wpcf7-form-control wpcf7-text wpcf7-email wpcf7-validates-as-required wpcf7-validates-as-email\" id=\"contact-email\" aria-required=\"true\" aria-invalid=\"false\" placeholder=\"E-mail*\" \/><\/span>\n    <\/div>\n<div class=\"form-input\">\n      <label for=\"contact-phone\" class=\"sr-only\">Telefonischer Kontakt<\/label><span class=\"wpcf7-form-control-wrap contact-phone\"><input type=\"text\" name=\"contact-phone\" value=\"\" size=\"40\" class=\"wpcf7-form-control wpcf7-text\" id=\"contact-phone\" aria-invalid=\"false\" placeholder=\"Telefonischer Kontakt\" \/><\/span>\n    <\/div>\n<div class=\"form-input\">\n      <label for=\"contact-reason\" class=\"sr-only\">Grund f\u00fcr den Kontakt<\/label><span class=\"wpcf7-form-control-wrap contact-reason\"><select name=\"contact-reason\" class=\"wpcf7-form-control wpcf7-select wpcf7-validates-as-required\" id=\"contact-reason\" aria-required=\"true\" aria-invalid=\"false\"><option value=\"\">Grund f\u00fcr den Kontakt<\/option><option value=\"Incomming (FIT)\">Incomming (FIT)<\/option><option value=\"Gruppen &amp; MICE\">Gruppen &amp; MICE<\/option><option value=\"Online-Unterkunft-Provider\">Online-Unterkunft-Provider<\/option><\/select><\/span>\n    <\/div>\n<\/div>\n<div class=\"col50\">\n<div class=\"form-input mt40\"><label for=\"request-details\" class=\"sr-only\">Schreiben Sie hier Ihre Nachricht.<\/label><span class=\"wpcf7-form-control-wrap request-details\"><textarea name=\"request-details\" cols=\"40\" rows=\"10\" class=\"wpcf7-form-control wpcf7-textarea\" id=\"request-details\" aria-invalid=\"false\" placeholder=\"Schreiben Sie hier Ihre Nachricht.\"><\/textarea><\/span><\/div>\n<div class=\"form-input acceptance\">\n      <span class=\"wpcf7-form-control-wrap privacy-policy\"><span class=\"wpcf7-form-control wpcf7-acceptance\"><span class=\"wpcf7-list-item\"><label><input type=\"checkbox\" name=\"privacy-policy\" value=\"1\" aria-invalid=\"false\" \/><span class=\"wpcf7-list-item-label\">Stimmen Sie den Datenschutzbestimmungen zu*<\/span><\/label><\/span><\/span><\/span><!-- Mailchimp for WordPress v4.8.6 - https:\/\/www.mc4wp.com\/ --><input type=\"hidden\" name=\"_mc4wp_subscribe_contact-form-7\" value=\"0\" \/><span class=\" mc4wp-checkbox mc4wp-checkbox-contact-form-7\" ><label><input type=\"checkbox\" name=\"_mc4wp_subscribe_contact-form-7\" value=\"1\"  \/><span>I want to receive marketing communications from Portimar<\/span><\/label><\/span><!-- \/ Mailchimp for WordPress -->\n    <\/div>\n<div class=\"form-input\">\n<input type=\"hidden\" name=\"eventCategory\" value=\"Forms\" class=\"wpcf7-form-control wpcf7-hidden eventCategory\" \/>\n<input type=\"hidden\" name=\"eventAction\" value=\"Submit\" class=\"wpcf7-form-control wpcf7-hidden eventAction\" \/>\n<input type=\"hidden\" name=\"eventLabel\" value=\"Contact\" class=\"wpcf7-form-control wpcf7-hidden eventLabel\" \/>\n<p>      <input type=\"submit\" value=\"Nachricht senden\" class=\"wpcf7-form-control wpcf7-submit btn-green\" \/>\n    <\/p><\/div>\n<\/div>\n<\/div>\n<div class=\"wpcf7-response-output\" aria-hidden=\"true\"><\/div><\/form><\/div>\n","protected":false},"excerpt":{"rendered":"<p>Z\u00f6gern Sie nicht, uns eine Nachricht \u00fcber das Formular unten zu senden oder um ein Treffen zu vereinbaren, um mehr \u00fcber unsere Dienstleistungen und Angebote zu erfahren. Kontaktformula<\/p>\n","protected":false},"author":3,"featured_media":5301,"parent":0,"menu_order":0,"comment_status":"closed","ping_status":"closed","template":"","meta":[],"_links":{"self":[{"href":"https:\/\/www.portimar.com\/de\/wp-json\/wp\/v2\/pages\/5282"}],"collection":[{"href":"https:\/\/www.portimar.com\/de\/wp-json\/wp\/v2\/pages"}],"about":[{"href":"https:\/\/www.portimar.com\/de\/wp-json\/wp\/v2\/types\/page"}],"author":[{"embeddable":true,"href":"https:\/\/www.portimar.com\/de\/wp-json\/wp\/v2\/users\/3"}],"replies":[{"embeddable":true,"href":"https:\/\/www.portimar.com\/de\/wp-json\/wp\/v2\/comments?post=5282"}],"version-history":[{"count":11,"href":"https:\/\/www.portimar.com\/de\/wp-json\/wp\/v2\/pages\/5282\/revisions"}],"predecessor-version":[{"id":5300,"href":"https:\/\/www.portimar.com\/de\/wp-json\/wp\/v2\/pages\/5282\/revisions\/5300"}],"wp:featuredmedia":[{"embeddable":true,"href":"https:\/\/www.portimar.com\/de\/wp-json\/wp\/v2\/media\/5301"}],"wp:attachment":[{"href":"https:\/\/www.portimar.com\/de\/wp-json\/wp\/v2\/media?parent=5282"}],"curies":[{"name":"wp","href":"https:\/\/api.w.org\/{rel}","templated":true}]}}