{"id":986,"date":"2019-07-24T17:32:16","date_gmt":"2019-07-24T17:32:16","guid":{"rendered":"https:\/\/www.portimar.com\/groups\/"},"modified":"2020-02-11T15:53:51","modified_gmt":"2020-02-11T15:53:51","slug":"gruppen","status":"publish","type":"page","link":"https:\/\/www.portimar.com\/de\/unsere-dienstleistungen\/gruppen\/","title":{"rendered":"Gruppen"},"content":{"rendered":"\n<div class=\"wp-block-kobu-custom-blocks-responsive-spacer responsive-spacer size-custom\" style=\"height:undefinedpx\"><\/div>\n\n\n\n<h4>Portimar ist auf die Organisation von Gruppenreisen in Portugal und Spanien gem\u00e4\u00df den Anforderungen seines Kunden spezialisiert.<\/h4>\n\n\n\n<div class=\"wp-block-kobu-custom-blocks-responsive-spacer responsive-spacer size-small\"><\/div>\n\n\n\n<p>F\u00fcr uns ist die vollst\u00e4ndige Kontrolle \u00fcber den Betrieb entscheidend, um sicherzustellen, dass die Touren reibungslos und so entspannt und angenehm wie m\u00f6glich verlaufen.<\/p>\n\n\n\n<div class=\"wp-block-kobu-custom-blocks-responsive-spacer responsive-spacer size-custom\" style=\"height:undefinedpx\"><\/div>\n\n\n\n<p>Zusammen mit einem engagierten Team in jeder Region, in der wir ans\u00e4ssig sind, bieten wir seit \u00fcber 30 Jahren personalisierte Gruppenreisen an und haben einen Leistungstr\u00e4gerstamm aufgebaut, der Ihren Kunden den Zugang zu den unumg\u00e4nglichen Orten, besonderen und faszinierenden Aktivit\u00e4ten sowie zu allen m\u00f6glichen Aktivit\u00e4ten wie zu den versteckten Geheimnissen dieses fantastischen Landes erm\u00f6glicht.<\/p>\n\n\n\n<div class=\"wp-block-kobu-custom-blocks-responsive-spacer responsive-spacer size-small\"><\/div>\n\n\n\n<div class=\"wp-block-kobu-custom-blocks-slider-gallery slider-gallery gallery-container hidden\"><div class=\"gallery\" role=\"list\"><div class=\"slide\" role=\"listitem\"><div class=\"figure-wrapper\" style=\"background-image:url(https:\/\/www.portimar.com\/files\/uploads\/2019\/10\/enoturismo_adegas_caves-5.jpg)\"><figure><img src=\"https:\/\/www.portimar.com\/files\/uploads\/2019\/10\/enoturismo_adegas_caves-5.jpg\" alt=\"\"\/><\/figure><\/div><\/div><div class=\"slide\" role=\"listitem\"><div class=\"figure-wrapper\" style=\"background-image:url(https:\/\/www.portimar.com\/files\/uploads\/2019\/10\/arthur-poulin-NhU0nUR7920-unsplash.jpg)\"><figure><img src=\"https:\/\/www.portimar.com\/files\/uploads\/2019\/10\/arthur-poulin-NhU0nUR7920-unsplash.jpg\" alt=\"\"\/><\/figure><\/div><\/div><div class=\"slide\" role=\"listitem\"><div class=\"figure-wrapper\" style=\"background-image:url(https:\/\/www.portimar.com\/files\/uploads\/2019\/10\/eliobed-suarez-VDYZPTBPMgg-unsplash.jpg)\"><figure><img src=\"https:\/\/www.portimar.com\/files\/uploads\/2019\/10\/eliobed-suarez-VDYZPTBPMgg-unsplash.jpg\" alt=\"\"\/><\/figure><\/div><\/div><div class=\"slide\" role=\"listitem\"><div class=\"figure-wrapper\" style=\"background-image:url(https:\/\/www.portimar.com\/files\/uploads\/2019\/10\/ms-sue-huan-YhN-o8-nrzs-unsplash.jpg)\"><figure><img src=\"https:\/\/www.portimar.com\/files\/uploads\/2019\/10\/ms-sue-huan-YhN-o8-nrzs-unsplash.jpg\" alt=\"\"\/><\/figure><\/div><\/div><\/div><\/div>\n\n\n\n<div class=\"wp-block-kobu-custom-blocks-responsive-spacer responsive-spacer size-small\"><\/div>\n\n\n\n<p>Unsere Reiserouten sind so angepasst, dass Ihre Kunden sich mit den authentischsten Orten, Traditionen und Erfahrungen Portugals vertraut machen k\u00f6nnen. Jedes Programm kann jedoch nach den spezifischen Anforderungen und Vorlieben jedes Kunden gestaltet werden.<\/p>\n\n\n\n<div class=\"wp-block-kobu-custom-blocks-responsive-spacer responsive-spacer size-custom\" style=\"height:undefinedpx\"><\/div>\n\n\n\n<p>Wir m\u00f6chten Ihren Kunden dieses wundervolle Land vorstellen und ihnen ein angenehmes und unvergessliches Erlebnis bereiten &#8211; das ist unsere Verpflichtung!<\/p>\n\n\n\n<div class=\"wp-block-kobu-custom-blocks-responsive-spacer responsive-spacer size-medium\"><\/div>\n","protected":false},"excerpt":{"rendered":"<p>Portimar ist auf die Organisation von Gruppenreisen in Portugal und Spanien gem\u00e4\u00df den Anforderungen seines Kunden spezialisiert. F\u00fcr uns ist die vollst\u00e4ndige Kontrolle \u00fcber den Betrieb entscheidend, um sicherzustellen, dass die Touren reibungslos und so entspannt und angenehm wie m\u00f6glich verlaufen. Zusammen mit einem engagierten Team in jeder Region, in der wir ans\u00e4ssig sind, bieten [&hellip;]<\/p>\n","protected":false},"author":1,"featured_media":3712,"parent":996,"menu_order":0,"comment_status":"closed","ping_status":"closed","template":"","meta":[],"_links":{"self":[{"href":"https:\/\/www.portimar.com\/de\/wp-json\/wp\/v2\/pages\/986"}],"collection":[{"href":"https:\/\/www.portimar.com\/de\/wp-json\/wp\/v2\/pages"}],"about":[{"href":"https:\/\/www.portimar.com\/de\/wp-json\/wp\/v2\/types\/page"}],"author":[{"embeddable":true,"href":"https:\/\/www.portimar.com\/de\/wp-json\/wp\/v2\/users\/1"}],"replies":[{"embeddable":true,"href":"https:\/\/www.portimar.com\/de\/wp-json\/wp\/v2\/comments?post=986"}],"version-history":[{"count":13,"href":"https:\/\/www.portimar.com\/de\/wp-json\/wp\/v2\/pages\/986\/revisions"}],"predecessor-version":[{"id":4407,"href":"https:\/\/www.portimar.com\/de\/wp-json\/wp\/v2\/pages\/986\/revisions\/4407"}],"up":[{"embeddable":true,"href":"https:\/\/www.portimar.com\/de\/wp-json\/wp\/v2\/pages\/996"}],"wp:featuredmedia":[{"embeddable":true,"href":"https:\/\/www.portimar.com\/de\/wp-json\/wp\/v2\/media\/3712"}],"wp:attachment":[{"href":"https:\/\/www.portimar.com\/de\/wp-json\/wp\/v2\/media?parent=986"}],"curies":[{"name":"wp","href":"https:\/\/api.w.org\/{rel}","templated":true}]}}