{"id":989,"date":"2019-07-24T17:31:59","date_gmt":"2019-07-24T17:31:59","guid":{"rendered":"https:\/\/www.portimar.com\/excursions\/"},"modified":"2020-02-11T15:47:34","modified_gmt":"2020-02-11T15:47:34","slug":"fit-unabhaengige-reisende","status":"publish","type":"page","link":"https:\/\/www.portimar.com\/de\/unsere-dienstleistungen\/fit-unabhaengige-reisende\/","title":{"rendered":"FIT &#8211; Unabh\u00e4ngige Reisende"},"content":{"rendered":"\n<div class=\"wp-block-kobu-custom-blocks-responsive-spacer responsive-spacer size-custom\" style=\"height:undefinedpx\"><\/div>\n\n\n\n<h4>Komplettes Angebot an Unterk\u00fcnften, Aktivit\u00e4ten, Transfers und pers\u00f6nlichen Erlebnissen f\u00fcr Individualreisende, welche die Geschichte Portugals, dessen Kultur und Kulinarik sowie die Menschen entdecken und einen besseren Kontakt zu ihnen herstellen m\u00f6chten.<\/h4>\n\n\n\n<div class=\"wp-block-kobu-custom-blocks-responsive-spacer responsive-spacer size-small\"><\/div>\n\n\n\n<p>Wir bieten einzigartige touristische Dienstleistungen und unvergleichliche Aktivit\u00e4ten, die nicht nur von der portugiesischen Kultur, sondern auch von dessem kulinarischen Erbe und der landschaftlichen Vielfalt inspiriert sind und auf das \u00c4u\u00dferste zugeschnitten sind, um Ihr Kundenerlebnis wirklich lohnend und unvergesslich zu machen.<\/p>\n\n\n\n<div class=\"wp-block-kobu-custom-blocks-responsive-spacer responsive-spacer size-custom\" style=\"height:undefinedpx\"><\/div>\n\n\n\n<p>Wir haben auch kreative Reiserouten, die individuell gestaltet sind, um die Freizeitziele unserer Kunden zu erreichen. Umfassende und kreative Reiserouten f\u00fcr individuelle Tourpakete, angefangen von F\u00fcnf-Sterne-Hotels, Schl\u00f6ssern und l\u00e4ndlichen Unterk\u00fcnften; ma\u00dfgeschneiderte Routen f\u00fcr spezielle Aktivit\u00e4ten wie Wandern, Trekking oder Weinproben.<\/p>\n\n\n\n<div class=\"wp-block-kobu-custom-blocks-responsive-spacer responsive-spacer size-small\"><\/div>\n\n\n\n<div class=\"wp-block-kobu-custom-blocks-slider-gallery slider-gallery gallery-container hidden\"><div class=\"gallery\" role=\"list\"><div class=\"slide\" role=\"listitem\"><div class=\"figure-wrapper\" style=\"background-image:url(https:\/\/www.portimar.com\/files\/uploads\/2019\/10\/ricardo-resende-swivynstICo-unsplash.jpg)\"><figure><img src=\"https:\/\/www.portimar.com\/files\/uploads\/2019\/10\/ricardo-resende-swivynstICo-unsplash.jpg\" alt=\"\"\/><\/figure><\/div><\/div><div class=\"slide\" role=\"listitem\"><div class=\"figure-wrapper\" style=\"background-image:url(https:\/\/www.portimar.com\/files\/uploads\/2019\/10\/patrick-fore-UFqV-RqPm8w-unsplash.jpg)\"><figure><img src=\"https:\/\/www.portimar.com\/files\/uploads\/2019\/10\/patrick-fore-UFqV-RqPm8w-unsplash.jpg\" alt=\"\"\/><\/figure><\/div><\/div><div class=\"slide\" role=\"listitem\"><div class=\"figure-wrapper\" style=\"background-image:url(https:\/\/www.portimar.com\/files\/uploads\/2019\/10\/luca-dugaro-1OEqBMavEak-unsplash.jpg)\"><figure><img src=\"https:\/\/www.portimar.com\/files\/uploads\/2019\/10\/luca-dugaro-1OEqBMavEak-unsplash.jpg\" alt=\"\"\/><\/figure><\/div><\/div><div class=\"slide\" role=\"listitem\"><div class=\"figure-wrapper\" style=\"background-image:url(https:\/\/www.portimar.com\/files\/uploads\/2019\/10\/elio-santos-AM3fGb78CU4-unsplash.jpg)\"><figure><img src=\"https:\/\/www.portimar.com\/files\/uploads\/2019\/10\/elio-santos-AM3fGb78CU4-unsplash.jpg\" alt=\"\"\/><\/figure><\/div><\/div><\/div><\/div>\n\n\n\n<div class=\"wp-block-kobu-custom-blocks-responsive-spacer responsive-spacer size-small\"><\/div>\n\n\n\n<p>Sie m\u00fcssen keine Zeit mit zeitraubenden Suchen verschwenden, um eine Unterkunft, eine Karte, eine Tourenbeschreibung oder eine Route zu finden. Wir bieten alles!<\/p>\n\n\n\n<div class=\"wp-block-kobu-custom-blocks-responsive-spacer responsive-spacer size-custom\" style=\"height:undefinedpx\"><\/div>\n\n\n\n<p>Teilen Sie uns Ihre Kundenbed\u00fcrfnisse mit oder fragen Sie uns nach Vorschl\u00e4gen! Wir m\u00f6chten Ihnen helfen, Ihre Tour mit aufregenden und unverwechselbaren Aktivit\u00e4ten zu planen und abzuschlie\u00dfen.<\/p>\n\n\n\n<div class=\"wp-block-kobu-custom-blocks-responsive-spacer responsive-spacer size-custom\" style=\"height:undefinedpx\"><\/div>\n\n\n\n<p>Unser Portfolio umfasst eine breite Palette individueller Reiseprodukte, darunter:<\/p>\n\n\n\n<div class=\"wp-block-kobu-custom-blocks-responsive-spacer responsive-spacer size-custom\" style=\"height:undefinedpx\"><\/div>\n\n\n\n<h6>Hotels | Aktivit\u00e4ten | Transfers | St\u00e4dtereisen | Rundreisen | Kundenspezifische Touren | Individuelle Erlebnisse<\/h6>\n","protected":false},"excerpt":{"rendered":"<p>Komplettes Angebot an Unterk\u00fcnften, Aktivit\u00e4ten, Transfers und pers\u00f6nlichen Erlebnissen f\u00fcr Individualreisende, welche die Geschichte Portugals, dessen Kultur und Kulinarik sowie die Menschen entdecken und einen besseren Kontakt zu ihnen herstellen m\u00f6chten. Wir bieten einzigartige touristische Dienstleistungen und unvergleichliche Aktivit\u00e4ten, die nicht nur von der portugiesischen Kultur, sondern auch von dessem kulinarischen Erbe und der landschaftlichen [&hellip;]<\/p>\n","protected":false},"author":1,"featured_media":3680,"parent":996,"menu_order":0,"comment_status":"closed","ping_status":"closed","template":"","meta":[],"_links":{"self":[{"href":"https:\/\/www.portimar.com\/de\/wp-json\/wp\/v2\/pages\/989"}],"collection":[{"href":"https:\/\/www.portimar.com\/de\/wp-json\/wp\/v2\/pages"}],"about":[{"href":"https:\/\/www.portimar.com\/de\/wp-json\/wp\/v2\/types\/page"}],"author":[{"embeddable":true,"href":"https:\/\/www.portimar.com\/de\/wp-json\/wp\/v2\/users\/1"}],"replies":[{"embeddable":true,"href":"https:\/\/www.portimar.com\/de\/wp-json\/wp\/v2\/comments?post=989"}],"version-history":[{"count":29,"href":"https:\/\/www.portimar.com\/de\/wp-json\/wp\/v2\/pages\/989\/revisions"}],"predecessor-version":[{"id":4398,"href":"https:\/\/www.portimar.com\/de\/wp-json\/wp\/v2\/pages\/989\/revisions\/4398"}],"up":[{"embeddable":true,"href":"https:\/\/www.portimar.com\/de\/wp-json\/wp\/v2\/pages\/996"}],"wp:featuredmedia":[{"embeddable":true,"href":"https:\/\/www.portimar.com\/de\/wp-json\/wp\/v2\/media\/3680"}],"wp:attachment":[{"href":"https:\/\/www.portimar.com\/de\/wp-json\/wp\/v2\/media?parent=989"}],"curies":[{"name":"wp","href":"https:\/\/api.w.org\/{rel}","templated":true}]}}