{"id":1026,"date":"2019-07-22T22:43:28","date_gmt":"2019-07-22T22:43:28","guid":{"rendered":"https:\/\/www.portimar.com\/lisbon\/"},"modified":"2020-02-11T13:41:55","modified_gmt":"2020-02-11T13:41:55","slug":"lisboa","status":"publish","type":"page","link":"https:\/\/www.portimar.com\/es\/homepage\/lisboa\/","title":{"rendered":"Lisboa"},"content":{"rendered":"\n<h4>Con m\u00e1s de 20 siglos de historia, Lisboa est\u00e1 situada junto al r\u00edo Tajo y, su belleza \u00fanica y singularidad arquitect\u00f3nica son aclamadas en el extranjero.<\/h4>\n\n\n\n<p>Influenciada por diversas culturas y estilos, Lisboa logra ser moderna y sofisticada, conservando al mismo tiempo su esp\u00edritu tradicional y m\u00e1s reservado, que nos transmite el deseo de descubrirla, viendo lo que aparece en cada barrio, en cada calle.<\/p>\n\n\n\n<p>Rica en monumentos y barrios t\u00edpicos, como Bica, Alfama o Mouraria, la ciudad tambi\u00e9n tiene un marco geogr\u00e1fico envidiable que se combina de manera sublime con su vasto patrimonio natural, hist\u00f3rico y cultural.<\/p>\n\n\n\n<p>Pero, \u00bfqu\u00e9 es m\u00e1s representativo de Lisboa que el fado? Pocas ciudades en el mundo pueden presumir de ser la cuna y el lugar de culto casi exclusivo de un g\u00e9nero musical, considerado el Patrimonio Inmaterial de la Humanidad. M\u00e1s que cualquier otra expresi\u00f3n art\u00edstica, este g\u00e9nero musical, elevado al m\u00e1ximo nivel por la voz de Am\u00e1lia Rodrigues, condensa el alma de un pueblo. Sin fado, Lisboa no ser\u00eda Lisboa. Visitar las t\u00edpicas casas de fado es una experiencia obligada para cualquier visitante.<\/p>\n\n\n\n<p>En una ciudad que ha estado recibiendo muchas culturas diferentes de otros parajes lejanos a lo largo del tiempo, todav\u00eda, hoy se siente un aliento de pueblo en cada barrio hist\u00f3rico.<\/p>\n\n\n\n<p>Caminando por las calles de Baixa Pombalina, que se extienden hasta el Tajo en la Pra\u00e7a do Com\u00e9rcio, conocemos algunos de los lugares m\u00e1s bellos de la ciudad: la zona monumental de Bel\u00e9m, con monumentos designados del Patrimonio Mundial, los barrios medievales y tambi\u00e9n las zonas de ocio m\u00e1s contempor\u00e1neas, como el Parque das Na\u00e7\u00f5es o las Docas.<\/p>\n\n\n\n<div class=\"wp-block-kobu-custom-blocks-responsive-spacer responsive-spacer size-small\"><\/div>\n\n\n\n<div class=\"wp-block-kobu-custom-blocks-slider-gallery slider-gallery gallery-container hidden\"><div class=\"gallery\" role=\"list\"><div class=\"slide\" role=\"listitem\"><div class=\"figure-wrapper\" style=\"background-image:url(https:\/\/www.portimar.com\/files\/uploads\/2019\/09\/Lisboa_shutterstock_397503196-1.jpg)\"><figure><img src=\"https:\/\/www.portimar.com\/files\/uploads\/2019\/09\/Lisboa_shutterstock_397503196-1.jpg\" alt=\"\"\/><\/figure><\/div><\/div><div class=\"slide\" role=\"listitem\"><div class=\"figure-wrapper\" style=\"background-image:url(https:\/\/www.portimar.com\/files\/uploads\/2019\/09\/Lisboa_shutterstock_298576907-1.jpg)\"><figure><img src=\"https:\/\/www.portimar.com\/files\/uploads\/2019\/09\/Lisboa_shutterstock_298576907-1.jpg\" alt=\"\"\/><\/figure><\/div><\/div><div class=\"slide\" role=\"listitem\"><div class=\"figure-wrapper\" style=\"background-image:url(https:\/\/www.portimar.com\/files\/uploads\/2019\/09\/Lisboa_shutterstock_100247684-1.jpg)\"><figure><img src=\"https:\/\/www.portimar.com\/files\/uploads\/2019\/09\/Lisboa_shutterstock_100247684-1.jpg\" alt=\"\"\/><\/figure><\/div><\/div><div class=\"slide\" role=\"listitem\"><div class=\"figure-wrapper\" style=\"background-image:url(https:\/\/www.portimar.com\/files\/uploads\/2019\/09\/Lisboa_eletrico_shutterstock_409026622-1.jpg)\"><figure><img src=\"https:\/\/www.portimar.com\/files\/uploads\/2019\/09\/Lisboa_eletrico_shutterstock_409026622-1.jpg\" alt=\"\"\/><\/figure><\/div><\/div><\/div><\/div>\n\n\n\n<div class=\"wp-block-kobu-custom-blocks-responsive-spacer responsive-spacer size-small\"><\/div>\n\n\n\n<p>En Lisboa, es dif\u00edcil no querer absorber todos los detalles, mirar a todas partes, incluido el suelo. La calzada portuguesa es un arte en peligro de extinci\u00f3n, pero a\u00fan podemos encontrarla en algunas \u00e1reas de la ciudad.<\/p>\n\n\n\n<p>En casi todas las \u00e1reas de la ciudad tambi\u00e9n puedes encontrar azulejos que son verdaderas obras de arte. En patrones geom\u00e9tricos y figurativos, en bodegones o escenas hist\u00f3ricas, el esp\u00edritu del pa\u00eds ha sido pintado en azulejos que adornan fachadas e interiores imponentes de espacios p\u00fablicos y privados. Tra\u00eddo por los \u00e1rabes, el azulejo ha florecido en la ciudad y se puede explorar en toda su riqueza en un museo de referencia mundial: el Museo del Azulejo.<\/p>\n\n\n\n<p>Tambi\u00e9n conocida como la &#8220;ciudad de las 7 colinas&#8221;, Lisboa es muy famosa por su gastronom\u00eda, influenciada por su proximidad al mar, pero especialmente por el dulce m\u00e1s famoso de la ciudad, el tradicional &#8220;pastel de nata&#8221;, hecho en una antigua f\u00e1brica en Bel\u00e9m, m\u00e1s conocido como Pastel de Bel\u00e9m.<\/p>\n\n\n\n<p>Llena de tesoros, secretos y detalles, \u00a1Lisboa es una ciudad apasionante, llena de luz, que deja nostalgia a quienes tienen que irse!<\/p>\n\n\n\n<div class=\"wp-block-kobu-custom-blocks-responsive-spacer responsive-spacer size-small\"><\/div>\n\n\n\n<figure class=\"wp-block-embed-youtube wp-block-embed is-type-video is-provider-youtube wp-embed-aspect-16-9 wp-has-aspect-ratio\"><div class=\"wp-block-embed__wrapper\">\n<div class=\"youtube embed-container youtube\"><div class=\"video-placeholder\" style=\"background-image: url(https:\/\/img.youtube.com\/vi\/mK7rgh4fhYQ\/hqdefault.jpg);\"><\/div><div class=\"iframe youtube-video\" title=\"Lisbon Region As Never Seen Before\" data-iframe-src=\"mK7rgh4fhYQ\" data-iframe-origin=\"https:\/\/www.portimar.com\/es\/\" data-iframe-start=\"0\"><noscript><iframe loading=\"lazy\" class=\"youtube-video\" title=\"Youtube video\" width=\"640\" height=\"360\" src=\"https:\/\/www.youtube.com\/embed\/mK7rgh4fhYQ?modestbranding=1&#038;showinfo=0&#038;rel=0&#038;enablejsapi=1&#038;origin=https:\/\/www.portimar.com\/es\/\" webkitallowfullscreen mozallowfullscreen allowfullscreen> <\/iframe><\/noscript><\/div><\/div>\n<\/div><\/figure>\n\n\n\n<div class=\"wp-block-kobu-custom-blocks-responsive-spacer responsive-spacer size-medium\"><\/div>\n","protected":false},"excerpt":{"rendered":"<p>Con m\u00e1s de 20 siglos de historia, Lisboa est\u00e1 situada junto al r\u00edo Tajo y, su belleza \u00fanica y singularidad arquitect\u00f3nica son aclamadas en el extranjero. Influenciada por diversas culturas y estilos, Lisboa logra ser moderna y sofisticada, conservando al mismo tiempo su esp\u00edritu tradicional y m\u00e1s reservado, que nos transmite el deseo de descubrirla, [&hellip;]<\/p>\n","protected":false},"author":1,"featured_media":2592,"parent":953,"menu_order":0,"comment_status":"closed","ping_status":"closed","template":"templates\/location.php","meta":[],"_links":{"self":[{"href":"https:\/\/www.portimar.com\/es\/wp-json\/wp\/v2\/pages\/1026"}],"collection":[{"href":"https:\/\/www.portimar.com\/es\/wp-json\/wp\/v2\/pages"}],"about":[{"href":"https:\/\/www.portimar.com\/es\/wp-json\/wp\/v2\/types\/page"}],"author":[{"embeddable":true,"href":"https:\/\/www.portimar.com\/es\/wp-json\/wp\/v2\/users\/1"}],"replies":[{"embeddable":true,"href":"https:\/\/www.portimar.com\/es\/wp-json\/wp\/v2\/comments?post=1026"}],"version-history":[{"count":13,"href":"https:\/\/www.portimar.com\/es\/wp-json\/wp\/v2\/pages\/1026\/revisions"}],"predecessor-version":[{"id":4341,"href":"https:\/\/www.portimar.com\/es\/wp-json\/wp\/v2\/pages\/1026\/revisions\/4341"}],"up":[{"embeddable":true,"href":"https:\/\/www.portimar.com\/es\/wp-json\/wp\/v2\/pages\/953"}],"wp:featuredmedia":[{"embeddable":true,"href":"https:\/\/www.portimar.com\/es\/wp-json\/wp\/v2\/media\/2592"}],"wp:attachment":[{"href":"https:\/\/www.portimar.com\/es\/wp-json\/wp\/v2\/media?parent=1026"}],"curies":[{"name":"wp","href":"https:\/\/api.w.org\/{rel}","templated":true}]}}