{"id":4442,"date":"2020-02-04T16:44:49","date_gmt":"2020-02-04T16:44:49","guid":{"rendered":"https:\/\/www.portimar.com\/homepage\/piodao\/"},"modified":"2020-02-11T14:16:25","modified_gmt":"2020-02-11T14:16:25","slug":"piodao","status":"publish","type":"page","link":"https:\/\/www.portimar.com\/es\/homepage\/piodao\/","title":{"rendered":"Pi\u00f3d\u00e3o"},"content":{"rendered":"\n<h4>El pueblo de Pi\u00f3d\u00e3o, tambi\u00e9n conocido como el &#8220;pueblo pesebre&#8221;, gracias al tono y el dise\u00f1o de sus casas de esquisto, nos invita a conocer un mundo pintoresco.<\/h4>\n\n\n\n<p>Pi\u00f3d\u00e3o es uno de los pueblos hist\u00f3ricos de Portugal, donde el tiempo conserva la belleza de la regi\u00f3n y donde hay innumerables escenarios para visitar y perderse en su encanto.<\/p>\n\n\n\n<p>Ubicado en un magn\u00edfico valle, al abrigo de los fuertes vientos que castigan la cima de la impresionante Serra do A\u00e7or, el majestuoso pueblo de Pi\u00f3d\u00e3o nos hace pensar en la imagen de un pesebre debido a la forma armoniosa en que se organizan sus casas, en forma de anfiteatro.<\/p>\n\n\n\n<div class=\"wp-block-kobu-custom-blocks-responsive-spacer responsive-spacer size-small\"><\/div>\n\n\n\n<div class=\"wp-block-kobu-custom-blocks-slider-gallery slider-gallery gallery-container hidden\"><div class=\"gallery\" role=\"list\"><div class=\"slide\" role=\"listitem\"><div class=\"figure-wrapper\" style=\"background-image:url(https:\/\/www.portimar.com\/files\/uploads\/2019\/09\/26986300548_b666b24873_o.jpg)\"><figure><img src=\"https:\/\/www.portimar.com\/files\/uploads\/2019\/09\/26986300548_b666b24873_o.jpg\" alt=\"\"\/><\/figure><\/div><\/div><div class=\"slide\" role=\"listitem\"><div class=\"figure-wrapper\" style=\"background-image:url(https:\/\/www.portimar.com\/files\/uploads\/2019\/09\/39144451530_eca377fd2a_k.jpg)\"><figure><img src=\"https:\/\/www.portimar.com\/files\/uploads\/2019\/09\/39144451530_eca377fd2a_k.jpg\" alt=\"\"\/><\/figure><\/div><\/div><div class=\"slide\" role=\"listitem\"><div class=\"figure-wrapper\" style=\"background-image:url(https:\/\/www.portimar.com\/files\/uploads\/2019\/09\/40015059560_27872d9f8a_k.jpg)\"><figure><img src=\"https:\/\/www.portimar.com\/files\/uploads\/2019\/09\/40015059560_27872d9f8a_k.jpg\" alt=\"\"\/><\/figure><\/div><\/div><div class=\"slide\" role=\"listitem\"><div class=\"figure-wrapper\" style=\"background-image:url(https:\/\/www.portimar.com\/files\/uploads\/2019\/09\/40923619055_cbb4428b35_k.jpg)\"><figure><img src=\"https:\/\/www.portimar.com\/files\/uploads\/2019\/09\/40923619055_cbb4428b35_k.jpg\" alt=\"\"\/><\/figure><\/div><\/div><\/div><\/div>\n\n\n\n<div class=\"wp-block-kobu-custom-blocks-responsive-spacer responsive-spacer size-small\"><\/div>\n\n\n\n<p>Son las tradiciones que dan alma al pueblo, junto con la gente local, lo que nos hace sentir como en casa desde el primer momento, hasta el momento de partir hacia una nueva aventura.<\/p>\n\n\n\n<p>Aunque algunas tradiciones se han perdido, otras persisten y son visibles para los visitantes.<\/p>\n\n\n\n<p>Las cruces colocadas en el dintel de las puertas tradicionales pintadas de azul, son una costumbre de los piodenses que, en el D\u00eda Santo, despu\u00e9s de ir a misa, clavan en el dintel de las puertas delanteras de las casas una peque\u00f1a cruz de madera con laurel y olivo, invocando la protecci\u00f3n de Santa B\u00e1rbara contra el mal tiempo.<br><br>La producci\u00f3n artesanal tambi\u00e9n es muy caracter\u00edstica en este pueblo y corresponde a objetos de esquisto como miniaturas de casas de Pi\u00f3d\u00e3o, cester\u00eda, cucharas y cuencos de madera. En la plaza de la iglesia, encontramos tiendas de artesan\u00edas y licores, que nos hacen catar los sabores de Pi\u00f3d\u00e3o, como el delicioso pan de patata, miel, queso de monta\u00f1a, los licores o el aguardiente.<\/p>\n\n\n\n<div class=\"wp-block-kobu-custom-blocks-responsive-spacer responsive-spacer size-medium\"><\/div>\n\n\n\n<figure class=\"wp-block-embed-youtube wp-block-embed is-type-video is-provider-youtube wp-embed-aspect-16-9 wp-has-aspect-ratio\"><div class=\"wp-block-embed__wrapper\">\n<div class=\"youtube embed-container youtube\"><div class=\"video-placeholder\" style=\"background-image: url(https:\/\/img.youtube.com\/vi\/Drg_Mqm6Uys\/hqdefault.jpg);\"><\/div><div class=\"iframe youtube-video\" title=\"\u201cInside\u201d: vencedor do ART&amp;TUR Factory 2018\" data-iframe-src=\"Drg_Mqm6Uys\" data-iframe-origin=\"https:\/\/www.portimar.com\/es\/\" data-iframe-start=\"0\"><noscript><iframe loading=\"lazy\" class=\"youtube-video\" title=\"Youtube video\" width=\"640\" height=\"360\" src=\"https:\/\/www.youtube.com\/embed\/Drg_Mqm6Uys?modestbranding=1&#038;showinfo=0&#038;rel=0&#038;enablejsapi=1&#038;origin=https:\/\/www.portimar.com\/es\/\" webkitallowfullscreen mozallowfullscreen allowfullscreen> <\/iframe><\/noscript><\/div><\/div>\n<\/div><\/figure>\n\n\n\n<div class=\"wp-block-kobu-custom-blocks-responsive-spacer responsive-spacer size-medium\"><\/div>\n\n\n\n<p><\/p>\n","protected":false},"excerpt":{"rendered":"<p>El pueblo de Pi\u00f3d\u00e3o, tambi\u00e9n conocido como el &#8220;pueblo pesebre&#8221;, gracias al tono y el dise\u00f1o de sus casas de esquisto, nos invita a conocer un mundo pintoresco. Pi\u00f3d\u00e3o es uno de los pueblos hist\u00f3ricos de Portugal, donde el tiempo conserva la belleza de la regi\u00f3n y donde hay innumerables escenarios para visitar y perderse [&hellip;]<\/p>\n","protected":false},"author":2,"featured_media":2678,"parent":953,"menu_order":0,"comment_status":"closed","ping_status":"closed","template":"templates\/location.php","meta":[],"_links":{"self":[{"href":"https:\/\/www.portimar.com\/es\/wp-json\/wp\/v2\/pages\/4442"}],"collection":[{"href":"https:\/\/www.portimar.com\/es\/wp-json\/wp\/v2\/pages"}],"about":[{"href":"https:\/\/www.portimar.com\/es\/wp-json\/wp\/v2\/types\/page"}],"author":[{"embeddable":true,"href":"https:\/\/www.portimar.com\/es\/wp-json\/wp\/v2\/users\/2"}],"replies":[{"embeddable":true,"href":"https:\/\/www.portimar.com\/es\/wp-json\/wp\/v2\/comments?post=4442"}],"version-history":[{"count":4,"href":"https:\/\/www.portimar.com\/es\/wp-json\/wp\/v2\/pages\/4442\/revisions"}],"predecessor-version":[{"id":4448,"href":"https:\/\/www.portimar.com\/es\/wp-json\/wp\/v2\/pages\/4442\/revisions\/4448"}],"up":[{"embeddable":true,"href":"https:\/\/www.portimar.com\/es\/wp-json\/wp\/v2\/pages\/953"}],"wp:featuredmedia":[{"embeddable":true,"href":"https:\/\/www.portimar.com\/es\/wp-json\/wp\/v2\/media\/2678"}],"wp:attachment":[{"href":"https:\/\/www.portimar.com\/es\/wp-json\/wp\/v2\/media?parent=4442"}],"curies":[{"name":"wp","href":"https:\/\/api.w.org\/{rel}","templated":true}]}}