{"id":4452,"date":"2020-02-04T17:07:12","date_gmt":"2020-02-04T17:07:12","guid":{"rendered":"https:\/\/www.portimar.com\/homepage\/porto\/"},"modified":"2020-02-11T14:09:27","modified_gmt":"2020-02-11T14:09:27","slug":"porto","status":"publish","type":"page","link":"https:\/\/www.portimar.com\/es\/homepage\/porto\/","title":{"rendered":"Porto"},"content":{"rendered":"\n<h4>Esta ciudad tiene algo m\u00edstico, que var\u00eda seg\u00fan el lugar, la hora y la luz del d\u00eda, pero que seguramente tiene que ver con las personas que viven all\u00ed.<\/h4>\n\n\n\n<p>Caminar por las calles de Oporto y sentir el pulso de la ciudad es una experiencia \u00fanica.<\/p>\n\n\n\n<p>Abri\u00e9ndose como un libro sobre el r\u00edo Duero al atardecer, la humilde y opulenta ciudad de Oporto seduce con su centro medieval, su comida y vino divinos y sus habitantes carism\u00e1ticos.<\/p>\n\n\n\n<p>Desde el paisaje paradis\u00edaco del Duero, hasta el tintineo de las copas de vino al atardecer, encontrar\u00e1 muchos encantos mientras pasea por las calles de la ciudad, cada una con su propia historia. <\/p>\n\n\n\n<div class=\"wp-block-kobu-custom-blocks-responsive-spacer responsive-spacer size-small\"><\/div>\n\n\n\n<div class=\"wp-block-kobu-custom-blocks-slider-gallery slider-gallery gallery-container hidden\"><div class=\"gallery\" role=\"list\"><div class=\"slide\" role=\"listitem\"><div class=\"figure-wrapper\" style=\"background-image:url(https:\/\/www.portimar.com\/files\/uploads\/2019\/09\/Porto_shutterstock_113942248-1.jpg)\"><figure><img src=\"https:\/\/www.portimar.com\/files\/uploads\/2019\/09\/Porto_shutterstock_113942248-1.jpg\" alt=\"\"\/><\/figure><\/div><\/div><div class=\"slide\" role=\"listitem\"><div class=\"figure-wrapper\" style=\"background-image:url(https:\/\/www.portimar.com\/files\/uploads\/2019\/09\/Porto_shutterstock_365359853-1.jpg)\"><figure><img src=\"https:\/\/www.portimar.com\/files\/uploads\/2019\/09\/Porto_shutterstock_365359853-1.jpg\" alt=\"\"\/><\/figure><\/div><\/div><div class=\"slide\" role=\"listitem\"><div class=\"figure-wrapper\" style=\"background-image:url(https:\/\/www.portimar.com\/files\/uploads\/2019\/09\/Porto_shutterstock_233117173-1.jpg)\"><figure><img src=\"https:\/\/www.portimar.com\/files\/uploads\/2019\/09\/Porto_shutterstock_233117173-1.jpg\" alt=\"\"\/><\/figure><\/div><\/div><div class=\"slide\" role=\"listitem\"><div class=\"figure-wrapper\" style=\"background-image:url(https:\/\/www.portimar.com\/files\/uploads\/2019\/09\/Porto_shutterstock_217601644-1.jpg)\"><figure><img src=\"https:\/\/www.portimar.com\/files\/uploads\/2019\/09\/Porto_shutterstock_217601644-1.jpg\" alt=\"\"\/><\/figure><\/div><\/div><\/div><\/div>\n\n\n\n<div class=\"wp-block-kobu-custom-blocks-responsive-spacer responsive-spacer size-small\"><\/div>\n\n\n\n<p>Como ciudad Patrimonio de la Humanidad, es el punto de partida ideal para un viaje a trav\u00e9s de la diversidad natural y cultural de la regi\u00f3n.<\/p>\n\n\n\n<p>Conocida por el famoso vino que sale de aqu\u00ed hacia todo el mundo, pero tambi\u00e9n por un patrimonio que combina la antig\u00fcedad de iglesias y monumentos, como la Iglesia S\u00e9 o la Iglesia de San Francisco, con la modernidad de edificios importantes como la Casa da M\u00fasica, el Museo de Serralves y otros, el encanto de la ciudad promete no dejar indiferente a nadie.<\/p>\n\n\n\n<p>En t\u00e9rminos gastron\u00f3micos, Portugal conquista a sus visitantes por sus deliciosos platos, pero esto es a\u00fan m\u00e1s cierto en Oporto y en la regi\u00f3n norte de Portugal.<\/p>\n\n\n\n<p>En cualquier restaurante, ya sea elegante o m\u00e1s tradicional, hay certeza de que una buena comida ir\u00e1 acompa\u00f1ada de los excelentes vinos del Duero o del fresco vino verde, caracter\u00edsticos de la regi\u00f3n.<\/p>\n\n\n\n<div class=\"wp-block-kobu-custom-blocks-responsive-spacer responsive-spacer size-small\"><\/div>\n\n\n\n<figure class=\"wp-block-embed-youtube wp-block-embed is-type-video is-provider-youtube wp-embed-aspect-16-9 wp-has-aspect-ratio\"><div class=\"wp-block-embed__wrapper\">\n<div class=\"youtube embed-container youtube\"><div class=\"video-placeholder\" style=\"background-image: url(https:\/\/img.youtube.com\/vi\/snDK7rG3UDE\/hqdefault.jpg);\"><\/div><div class=\"iframe youtube-video\" title=\"Escolha Portugal - Porto e Norte \/ Choose Portugal - Porto and the North (TVI)\" data-iframe-src=\"snDK7rG3UDE\" data-iframe-origin=\"https:\/\/www.portimar.com\/es\/\" data-iframe-start=\"0\"><noscript><iframe loading=\"lazy\" class=\"youtube-video\" title=\"Youtube video\" width=\"640\" height=\"360\" src=\"https:\/\/www.youtube.com\/embed\/snDK7rG3UDE?modestbranding=1&#038;showinfo=0&#038;rel=0&#038;enablejsapi=1&#038;origin=https:\/\/www.portimar.com\/es\/\" webkitallowfullscreen mozallowfullscreen allowfullscreen> <\/iframe><\/noscript><\/div><\/div>\n<\/div><\/figure>\n","protected":false},"excerpt":{"rendered":"<p>Esta ciudad tiene algo m\u00edstico, que var\u00eda seg\u00fan el lugar, la hora y la luz del d\u00eda, pero que seguramente tiene que ver con las personas que viven all\u00ed. Caminar por las calles de Oporto y sentir el pulso de la ciudad es una experiencia \u00fanica. Abri\u00e9ndose como un libro sobre el r\u00edo Duero al [&hellip;]<\/p>\n","protected":false},"author":2,"featured_media":2708,"parent":953,"menu_order":0,"comment_status":"closed","ping_status":"closed","template":"templates\/location.php","meta":[],"_links":{"self":[{"href":"https:\/\/www.portimar.com\/es\/wp-json\/wp\/v2\/pages\/4452"}],"collection":[{"href":"https:\/\/www.portimar.com\/es\/wp-json\/wp\/v2\/pages"}],"about":[{"href":"https:\/\/www.portimar.com\/es\/wp-json\/wp\/v2\/types\/page"}],"author":[{"embeddable":true,"href":"https:\/\/www.portimar.com\/es\/wp-json\/wp\/v2\/users\/2"}],"replies":[{"embeddable":true,"href":"https:\/\/www.portimar.com\/es\/wp-json\/wp\/v2\/comments?post=4452"}],"version-history":[{"count":4,"href":"https:\/\/www.portimar.com\/es\/wp-json\/wp\/v2\/pages\/4452\/revisions"}],"predecessor-version":[{"id":4458,"href":"https:\/\/www.portimar.com\/es\/wp-json\/wp\/v2\/pages\/4452\/revisions\/4458"}],"up":[{"embeddable":true,"href":"https:\/\/www.portimar.com\/es\/wp-json\/wp\/v2\/pages\/953"}],"wp:featuredmedia":[{"embeddable":true,"href":"https:\/\/www.portimar.com\/es\/wp-json\/wp\/v2\/media\/2708"}],"wp:attachment":[{"href":"https:\/\/www.portimar.com\/es\/wp-json\/wp\/v2\/media?parent=4452"}],"curies":[{"name":"wp","href":"https:\/\/api.w.org\/{rel}","templated":true}]}}