{"id":4462,"date":"2020-02-04T17:15:55","date_gmt":"2020-02-04T17:15:55","guid":{"rendered":"https:\/\/www.portimar.com\/homepage\/viana-do-castelo\/"},"modified":"2020-02-11T14:13:38","modified_gmt":"2020-02-11T14:13:38","slug":"viana-do-castelo","status":"publish","type":"page","link":"https:\/\/www.portimar.com\/es\/homepage\/viana-do-castelo\/","title":{"rendered":"Viana do Castelo"},"content":{"rendered":"\n<p>Frente al mar, protagonista indiscutible de la historia de Viana, una iglesia barroca alberga la imagen de la Senhora da Agonia, que desfila cada a\u00f1o el d\u00eda 20 de agosto para bendecir el mar en una de las fiestas m\u00e1s coloridas de Portugal, caracterizada por la belleza y la tradici\u00f3n de sus trajes t\u00edpicos. La ciudad ha sabido mantener vivas sus tradiciones, y la filigrana de oro es un ejemplo m\u00e1s del esfuerzo que ha llevado a cabo en ese sentido.<br><br>La joyer\u00eda tradicional portuguesa tiene una marcada inspiraci\u00f3n religiosa, y el Coraz\u00f3n de Viana no es una excepci\u00f3n. Este coraz\u00f3n, que actualmente se utiliza como s\u00edmbolo de la ciudad de Viana do Castelo, surgi\u00f3 en Portugal con el culto al Sagrado Coraz\u00f3n de Jes\u00fas a finales del siglo XVIII.<br><br>El Coraz\u00f3n de Viana se convirti\u00f3 entonces en patrimonio emocional y emblem\u00e1tico de Portugal y del arte de la filigrana portuguesa. Para quienes lo usan, el coraz\u00f3n es un s\u00edmbolo de honestidad y generosidad.<\/p>\n\n\n\n<div class=\"wp-block-kobu-custom-blocks-responsive-spacer responsive-spacer size-small\"><\/div>\n\n\n\n<div class=\"wp-block-kobu-custom-blocks-slider-gallery slider-gallery gallery-container hidden\"><div class=\"gallery\" role=\"list\"><div class=\"slide\" role=\"listitem\"><div class=\"figure-wrapper\" style=\"background-image:url(https:\/\/www.portimar.com\/files\/uploads\/2019\/09\/31975171957_52f0508d3a_o-1.jpg)\"><figure><img src=\"https:\/\/www.portimar.com\/files\/uploads\/2019\/09\/31975171957_52f0508d3a_o-1.jpg\" alt=\"\"\/><\/figure><\/div><\/div><div class=\"slide\" role=\"listitem\"><div class=\"figure-wrapper\" style=\"background-image:url(https:\/\/www.portimar.com\/files\/uploads\/2019\/09\/46917767991_bea52af354_o-1.jpg)\"><figure><img src=\"https:\/\/www.portimar.com\/files\/uploads\/2019\/09\/46917767991_bea52af354_o-1.jpg\" alt=\"\"\/><figcaption><span>PORTO, PORTUGAL &#8211; SEPTEMBER 10, 2018: \n\nCREDIT: Daniel Rodrigues<\/span><\/figcaption><\/figure><\/div><\/div><div class=\"slide\" role=\"listitem\"><div class=\"figure-wrapper\" style=\"background-image:url(https:\/\/www.portimar.com\/files\/uploads\/2019\/09\/46192940684_7d8fa31dee_o-1.jpg)\"><figure><img src=\"https:\/\/www.portimar.com\/files\/uploads\/2019\/09\/46192940684_7d8fa31dee_o-1.jpg\" alt=\"\"\/><figcaption><span>PORTO, PORTUGAL &#8211; SEPTEMBER 10, 2018: \n\nCREDIT: Daniel Rodrigues<\/span><\/figcaption><\/figure><\/div><\/div><div class=\"slide\" role=\"listitem\"><div class=\"figure-wrapper\" style=\"background-image:url(https:\/\/www.portimar.com\/files\/uploads\/2019\/09\/46864282902_f80dd2a756_o-1.jpg)\"><figure><img src=\"https:\/\/www.portimar.com\/files\/uploads\/2019\/09\/46864282902_f80dd2a756_o-1.jpg\" alt=\"\"\/><\/figure><\/div><\/div><\/div><\/div>\n\n\n\n<div class=\"wp-block-kobu-custom-blocks-responsive-spacer responsive-spacer size-small\"><\/div>\n\n\n\n<p>Pero Viana do Castelo tambi\u00e9n se considera una \u00abmeca de la arquitectura\u00bb gracias a las muchas e importantes figuras de la arquitectura portuguesa contempor\u00e1nea que han dejado su impronta en numerosas instalaciones y espacios de la ciudad. <br><br>La etnograf\u00eda vianesa, de una belleza y riqueza incomparables, hace de la ciudad la capital del folclore portugu\u00e9s.<br><br>La originalidad y funcionalidad de su artesan\u00eda, que destaca especialmente por su porcelana y sus bordados, as\u00ed como la animaci\u00f3n cultural frecuente y de calidad, son otros de los atributos que hacen de Viana do Castelo una ciudad extremadamente atractiva.<\/p>\n\n\n\n<div class=\"wp-block-kobu-custom-blocks-responsive-spacer responsive-spacer size-medium\"><\/div>\n\n\n\n<figure class=\"wp-block-embed-youtube wp-block-embed is-type-video is-provider-youtube wp-embed-aspect-16-9 wp-has-aspect-ratio\"><div class=\"wp-block-embed__wrapper\">\n<div class=\"youtube embed-container youtube\"><div class=\"video-placeholder\" style=\"background-image: url(https:\/\/img.youtube.com\/vi\/zqKfGVdQ-wo\/hqdefault.jpg);\"><\/div><div class=\"iframe youtube-video\" title=\"&quot;Portugal Expect the Unexpected - Viana do Castelo&quot;\" data-iframe-src=\"zqKfGVdQ-wo\" data-iframe-origin=\"https:\/\/www.portimar.com\/es\/\" data-iframe-start=\"0\"><noscript><iframe loading=\"lazy\" class=\"youtube-video\" title=\"Youtube video\" width=\"640\" height=\"360\" src=\"https:\/\/www.youtube.com\/embed\/zqKfGVdQ-wo?modestbranding=1&#038;showinfo=0&#038;rel=0&#038;enablejsapi=1&#038;origin=https:\/\/www.portimar.com\/es\/\" webkitallowfullscreen mozallowfullscreen allowfullscreen> <\/iframe><\/noscript><\/div><\/div>\n<\/div><\/figure>\n\n\n\n<p><\/p>\n","protected":false},"excerpt":{"rendered":"<p>Frente al mar, protagonista indiscutible de la historia de Viana, una iglesia barroca alberga la imagen de la Senhora da Agonia, que desfila cada a\u00f1o el d\u00eda 20 de agosto para bendecir el mar en una de las fiestas m\u00e1s coloridas de Portugal, caracterizada por la belleza y la tradici\u00f3n de sus trajes t\u00edpicos. La [&hellip;]<\/p>\n","protected":false},"author":2,"featured_media":2730,"parent":953,"menu_order":0,"comment_status":"closed","ping_status":"closed","template":"templates\/location.php","meta":[],"_links":{"self":[{"href":"https:\/\/www.portimar.com\/es\/wp-json\/wp\/v2\/pages\/4462"}],"collection":[{"href":"https:\/\/www.portimar.com\/es\/wp-json\/wp\/v2\/pages"}],"about":[{"href":"https:\/\/www.portimar.com\/es\/wp-json\/wp\/v2\/types\/page"}],"author":[{"embeddable":true,"href":"https:\/\/www.portimar.com\/es\/wp-json\/wp\/v2\/users\/2"}],"replies":[{"embeddable":true,"href":"https:\/\/www.portimar.com\/es\/wp-json\/wp\/v2\/comments?post=4462"}],"version-history":[{"count":3,"href":"https:\/\/www.portimar.com\/es\/wp-json\/wp\/v2\/pages\/4462\/revisions"}],"predecessor-version":[{"id":4467,"href":"https:\/\/www.portimar.com\/es\/wp-json\/wp\/v2\/pages\/4462\/revisions\/4467"}],"up":[{"embeddable":true,"href":"https:\/\/www.portimar.com\/es\/wp-json\/wp\/v2\/pages\/953"}],"wp:featuredmedia":[{"embeddable":true,"href":"https:\/\/www.portimar.com\/es\/wp-json\/wp\/v2\/media\/2730"}],"wp:attachment":[{"href":"https:\/\/www.portimar.com\/es\/wp-json\/wp\/v2\/media?parent=4462"}],"curies":[{"name":"wp","href":"https:\/\/api.w.org\/{rel}","templated":true}]}}