{"id":5785,"date":"2023-10-30T14:50:38","date_gmt":"2023-10-30T14:50:38","guid":{"rendered":"https:\/\/www.portimar.com\/?page_id=5785"},"modified":"2024-10-28T15:11:43","modified_gmt":"2024-10-28T15:11:43","slug":"politica-de-gestion-de-proveedores","status":"publish","type":"page","link":"https:\/\/www.portimar.com\/es\/politica-de-gestion-de-proveedores\/","title":{"rendered":"Pol\u00edtica de Gesti\u00f3n de Proveedores"},"content":{"rendered":"\n<p>Encontrar\u00e1 nuestra Pol\u00edtica de Gesti\u00f3n de Proveedores en el siguiente documento:<\/p>\n\n\n\n<p><a href=\"https:\/\/portimar.sharepoint.com\/:b:\/s\/DocsPlace\/EY-8n4JuXM9LvUuqXfp5ADoBYbwm51OIgO5BQWQx2a4osw?e=dQkIah\" target=\"_blank\" rel=\"noreferrer noopener\">Pol\u00edtica de Gesti\u00f3n de Proveedores<\/a><\/p>\n","protected":false},"excerpt":{"rendered":"<p>Encontrar\u00e1 nuestra Pol\u00edtica de Gesti\u00f3n de Proveedores en el siguiente documento: Pol\u00edtica de Gesti\u00f3n de Proveedores<\/p>\n","protected":false},"author":4,"featured_media":5518,"parent":0,"menu_order":0,"comment_status":"closed","ping_status":"closed","template":"","meta":[],"_links":{"self":[{"href":"https:\/\/www.portimar.com\/es\/wp-json\/wp\/v2\/pages\/5785"}],"collection":[{"href":"https:\/\/www.portimar.com\/es\/wp-json\/wp\/v2\/pages"}],"about":[{"href":"https:\/\/www.portimar.com\/es\/wp-json\/wp\/v2\/types\/page"}],"author":[{"embeddable":true,"href":"https:\/\/www.portimar.com\/es\/wp-json\/wp\/v2\/users\/4"}],"replies":[{"embeddable":true,"href":"https:\/\/www.portimar.com\/es\/wp-json\/wp\/v2\/comments?post=5785"}],"version-history":[{"count":3,"href":"https:\/\/www.portimar.com\/es\/wp-json\/wp\/v2\/pages\/5785\/revisions"}],"predecessor-version":[{"id":5915,"href":"https:\/\/www.portimar.com\/es\/wp-json\/wp\/v2\/pages\/5785\/revisions\/5915"}],"wp:featuredmedia":[{"embeddable":true,"href":"https:\/\/www.portimar.com\/es\/wp-json\/wp\/v2\/media\/5518"}],"wp:attachment":[{"href":"https:\/\/www.portimar.com\/es\/wp-json\/wp\/v2\/media?parent=5785"}],"curies":[{"name":"wp","href":"https:\/\/api.w.org\/{rel}","templated":true}]}}