{"id":5879,"date":"2023-10-31T15:40:56","date_gmt":"2023-10-31T15:40:56","guid":{"rendered":"https:\/\/www.portimar.com\/?page_id=5879"},"modified":"2023-10-31T15:40:58","modified_gmt":"2023-10-31T15:40:58","slug":"sugerencias-y-reclamaciones","status":"publish","type":"page","link":"https:\/\/www.portimar.com\/es\/sugerencias-y-reclamaciones\/","title":{"rendered":"Sugerencias y Reclamaciones"},"content":{"rendered":"\n<p>Sus preguntas, opiniones, dudas, quejas y sugerencias son fundamentales para mejorar continuamente nuestro servicio.<\/p>\n\n\n\n<p>Con el fin de implementar mejoras sucesivas en nuestros servicios, alentamos a nuestros clientes a registrar, por escrito, sus quejas y\/o sugerencias, destacando que, de acuerdo con la ley que regula la actividad de las Agencias de Viajes, tiene 30 d\u00edas para hacerlo despu\u00e9s de la finalizaci\u00f3n del viaje\/estancia.<\/p>\n\n\n\n<p>Puede hacernos llegar su exposici\u00f3n a trav\u00e9s de:<\/p>\n\n\n\n<ul><li>Correo electr\u00f3nico o carta enviada a:<\/li><\/ul>\n\n\n\n<p>Portimar&nbsp;\u2013&nbsp;Ag\u00eancia de Viagens e Turismo, Lda.<\/p>\n\n\n\n<p>Edif\u00edcio Portimar, Alto do Quint\u00e3o, 8500-833 Portim\u00e3o<\/p>\n\n\n\n<p>E-mail:\u00a0<a href=\"mailto:\">customer.care@portimar.pt<\/a><\/p>\n\n\n\n<p>Alternativamente, y de acuerdo con el Decreto Ley 144\/2015 del 8 de septiembre:<\/p>\n\n\n\n<p>Defensor del Cliente de la APAVT:<\/p>\n\n\n\n<p>Portimar, como miembro asociado de la APAVT, es adherente del Defensor del Cliente, una entidad independiente que analiza y resuelve las reclamaciones. Por lo tanto, recomendamos a nuestros clientes que, en caso de necesitar presentar una queja, env\u00eden la exposici\u00f3n por correo o correo electr\u00f3nico a la siguiente direcci\u00f3n:<\/p>\n\n\n\n<p>Provedor do Cliente da APAVT<\/p>\n\n\n\n<p>Rua Rodrigues Sampaio, 170&nbsp;\u2013 1\u00ba<\/p>\n\n\n\n<p>1169-120 Lisboa<\/p>\n\n\n\n<p>Tel: 213 553 010 Fax: 213 145 080<\/p>\n\n\n\n<p>E-mail:\u00a0<strong><a href=\"mailto:provedor@provedorapavt.com\">provedor@provedorapavt.com<\/a><\/strong><\/p>\n\n\n\n<p>Libro de quejas electr\u00f3nico:<\/p>\n\n\n\n<p>Acceda al libro de quejas en l\u00ednea a trav\u00e9s del siguiente enlace:<\/p>\n\n\n\n<p><a href=\"https:\/\/www.livroreclamacoes.pt\/inicio\" target=\"_blank\" rel=\"noreferrer noopener\">http:\/\/www.livroreclamacoes.pt\/inicio<\/a><\/p>\n\n\n\n<p>Libro de reclamaciones:<br>Disponible en todas las tiendas para el registro de quejas que ser\u00e1n analizadas por el Turismo de Portugal.<\/p>\n","protected":false},"excerpt":{"rendered":"<p>Sus preguntas, opiniones, dudas, quejas y sugerencias son fundamentales para mejorar continuamente nuestro servicio. Con el fin de implementar mejoras sucesivas en nuestros servicios, alentamos a nuestros clientes a registrar, por escrito, sus quejas y\/o sugerencias, destacando que, de acuerdo con la ley que regula la actividad de las Agencias de Viajes, tiene 30 d\u00edas [&hellip;]<\/p>\n","protected":false},"author":4,"featured_media":5514,"parent":0,"menu_order":0,"comment_status":"closed","ping_status":"closed","template":"","meta":[],"_links":{"self":[{"href":"https:\/\/www.portimar.com\/es\/wp-json\/wp\/v2\/pages\/5879"}],"collection":[{"href":"https:\/\/www.portimar.com\/es\/wp-json\/wp\/v2\/pages"}],"about":[{"href":"https:\/\/www.portimar.com\/es\/wp-json\/wp\/v2\/types\/page"}],"author":[{"embeddable":true,"href":"https:\/\/www.portimar.com\/es\/wp-json\/wp\/v2\/users\/4"}],"replies":[{"embeddable":true,"href":"https:\/\/www.portimar.com\/es\/wp-json\/wp\/v2\/comments?post=5879"}],"version-history":[{"count":1,"href":"https:\/\/www.portimar.com\/es\/wp-json\/wp\/v2\/pages\/5879\/revisions"}],"predecessor-version":[{"id":5880,"href":"https:\/\/www.portimar.com\/es\/wp-json\/wp\/v2\/pages\/5879\/revisions\/5880"}],"wp:featuredmedia":[{"embeddable":true,"href":"https:\/\/www.portimar.com\/es\/wp-json\/wp\/v2\/media\/5514"}],"wp:attachment":[{"href":"https:\/\/www.portimar.com\/es\/wp-json\/wp\/v2\/media?parent=5879"}],"curies":[{"name":"wp","href":"https:\/\/api.w.org\/{rel}","templated":true}]}}