{"id":949,"date":"2019-07-31T22:22:05","date_gmt":"2019-07-31T22:22:05","guid":{"rendered":"https:\/\/www.portimar.com\/executive-message\/"},"modified":"2020-03-06T10:18:36","modified_gmt":"2020-03-06T10:18:36","slug":"mensaje-ejecutivo","status":"publish","type":"page","link":"https:\/\/www.portimar.com\/es\/sobre-nosotros\/mensaje-ejecutivo\/","title":{"rendered":"Mensaje Ejecutivo"},"content":{"rendered":"\n<h2>Portimar con la vista puesta en el futuro<\/h2>\n\n\n\n<div class=\"wp-block-kobu-custom-blocks-responsive-spacer responsive-spacer size-small\"><\/div>\n\n\n\n<h5>Desde hace m\u00e1s de treinta a\u00f1os en el mercado, Portimar quiere seguir con el crecimiento especializado en Portugal y m\u00e1s all\u00e1.<\/h5>\n\n\n\n<div class=\"wp-block-kobu-custom-blocks-responsive-spacer responsive-spacer size-small\"><\/div>\n\n\n\n<p>Con oficinas en Portugal y Espa\u00f1a, Portimar enfrenta cada desaf\u00edo como un valor a\u00f1adido, tanto por el trabajo realizado como por la consolidaci\u00f3n de las habilidades de todos los miembros del equipo.<\/p>\n\n\n\n<div class=\"wp-block-kobu-custom-blocks-responsive-spacer responsive-spacer size-small\"><\/div>\n\n\n\n<p>Ofreciendo las mejores soluciones para sus clientes: desde incentivos memorables hasta programas grupales adaptados a las necesidades de cada tipo de cliente, nos esforzamos para conseguir un contacto cercano y accesible, con eficiencia y rapidez en la planificaci\u00f3n.<\/p>\n\n\n\n<p><\/p>\n\n\n\n<figure class=\"wp-block-kobu-custom-blocks-custom-video media-wrapper\" data-settings=\"{&quot;webm&quot;:&quot;&quot;,&quot;mp4&quot;:&quot;https:\/\/www.portimar.com\/files\/uploads\/2019\/10\/EXECUTIVE_MESSAGE_20191028_WebRES.mp4&quot;,&quot;ogg&quot;:&quot;&quot;,&quot;track&quot;:&quot;https:\/\/www.portimar.com\/files\/uploads\/2019\/12\/EXECUTIVE_MESSAGE_CC__EN.srt&quot;,&quot;trackKind&quot;:&quot;&quot;,&quot;trackSrclang&quot;:&quot;&quot;,&quot;autoplay&quot;:false,&quot;loop&quot;:false,&quot;muted&quot;:false,&quot;controls&quot;:true,&quot;preload&quot;:&quot;metadata&quot;}\"><div class=\"video-placeholder\" style=\"background-image:url(https:\/\/www.portimar.com\/files\/uploads\/2019\/10\/Eduardo_Executive_message_thumbnail.jpg);padding-top:56.25%\"><img src=\"https:\/\/www.portimar.com\/files\/uploads\/2019\/10\/Eduardo_Executive_message_thumbnail.jpg\" alt=\"\"\/><\/div><noscript><video controls preload=\"metadata\" poster=\"https:\/\/www.portimar.com\/files\/uploads\/2019\/10\/Eduardo_Executive_message_thumbnail.jpg\"><source src=\"https:\/\/www.portimar.com\/files\/uploads\/2019\/10\/EXECUTIVE_MESSAGE_20191028_WebRES.mp4\" type=\"video\/mp4\"\/><track default kind=\"\" srclang=\"\" src=\"https:\/\/www.portimar.com\/files\/uploads\/2019\/12\/EXECUTIVE_MESSAGE_CC__EN.srt\"\/><\/video><\/noscript><\/figure>\n","protected":false},"excerpt":{"rendered":"<p>Portimar con la vista puesta en el futuro Desde hace m\u00e1s de treinta a\u00f1os en el mercado, Portimar quiere seguir con el crecimiento especializado en Portugal y m\u00e1s all\u00e1. Con oficinas en Portugal y Espa\u00f1a, Portimar enfrenta cada desaf\u00edo como un valor a\u00f1adido, tanto por el trabajo realizado como por la consolidaci\u00f3n de las habilidades [&hellip;]<\/p>\n","protected":false},"author":1,"featured_media":3646,"parent":1016,"menu_order":0,"comment_status":"closed","ping_status":"closed","template":"templates\/executive-message.php","meta":[],"_links":{"self":[{"href":"https:\/\/www.portimar.com\/es\/wp-json\/wp\/v2\/pages\/949"}],"collection":[{"href":"https:\/\/www.portimar.com\/es\/wp-json\/wp\/v2\/pages"}],"about":[{"href":"https:\/\/www.portimar.com\/es\/wp-json\/wp\/v2\/types\/page"}],"author":[{"embeddable":true,"href":"https:\/\/www.portimar.com\/es\/wp-json\/wp\/v2\/users\/1"}],"replies":[{"embeddable":true,"href":"https:\/\/www.portimar.com\/es\/wp-json\/wp\/v2\/comments?post=949"}],"version-history":[{"count":28,"href":"https:\/\/www.portimar.com\/es\/wp-json\/wp\/v2\/pages\/949\/revisions"}],"predecessor-version":[{"id":4668,"href":"https:\/\/www.portimar.com\/es\/wp-json\/wp\/v2\/pages\/949\/revisions\/4668"}],"up":[{"embeddable":true,"href":"https:\/\/www.portimar.com\/es\/wp-json\/wp\/v2\/pages\/1016"}],"wp:featuredmedia":[{"embeddable":true,"href":"https:\/\/www.portimar.com\/es\/wp-json\/wp\/v2\/media\/3646"}],"wp:attachment":[{"href":"https:\/\/www.portimar.com\/es\/wp-json\/wp\/v2\/media?parent=949"}],"curies":[{"name":"wp","href":"https:\/\/api.w.org\/{rel}","templated":true}]}}