{"id":956,"date":"2019-07-25T16:03:25","date_gmt":"2019-07-25T16:03:25","guid":{"rendered":"https:\/\/www.portimar.com\/terms-and-conditions\/"},"modified":"2024-10-29T09:45:37","modified_gmt":"2024-10-29T09:45:37","slug":"termos-e-condicoes","status":"publish","type":"page","link":"https:\/\/www.portimar.com\/es\/termos-e-condicoes\/","title":{"rendered":"T\u00e9rminos y Condiciones"},"content":{"rendered":"\n<p>A continuaci\u00f3n, encontrar\u00e1 los documentos relativos a los T\u00e9rminos y Condiciones Generales de Venta y la Hoja de Informaci\u00f3n Estandarizada:<\/p>\n\n\n\n<p><a href=\"https:\/\/portimar.sharepoint.com\/:b:\/s\/DocsPlace\/EUw7kTiukXlLs1WAvAF56EABqvhPuTZfifDo23J8VOw4Bw?e=DAacOT\" target=\"_blank\" rel=\"noreferrer noopener\">Condiciones Generales de Venta<\/a><\/p>\n\n\n\n<p><a href=\"https:\/\/portimar.sharepoint.com\/:b:\/s\/DocsPlace\/Ecfew6xWbE1Mr0mQtx-a71IBakUwcVRa0XCmeUXAPARyQg?e=APc8kc\" target=\"_blank\" rel=\"noreferrer noopener\">Hoja de Informaci\u00f3n Estandarizada<\/a><\/p>\n\n\n\n<div class=\"wp-block-kobu-custom-blocks-responsive-spacer responsive-spacer size-medium\"><\/div>\n\n\n\n<p><\/p>\n","protected":false},"excerpt":{"rendered":"<p>A continuaci\u00f3n, encontrar\u00e1 los documentos relativos a los T\u00e9rminos y Condiciones Generales de Venta y la Hoja de Informaci\u00f3n Estandarizada: Condiciones Generales de Venta Hoja de Informaci\u00f3n Estandarizada<\/p>\n","protected":false},"author":1,"featured_media":832,"parent":0,"menu_order":11,"comment_status":"closed","ping_status":"closed","template":"","meta":[],"_links":{"self":[{"href":"https:\/\/www.portimar.com\/es\/wp-json\/wp\/v2\/pages\/956"}],"collection":[{"href":"https:\/\/www.portimar.com\/es\/wp-json\/wp\/v2\/pages"}],"about":[{"href":"https:\/\/www.portimar.com\/es\/wp-json\/wp\/v2\/types\/page"}],"author":[{"embeddable":true,"href":"https:\/\/www.portimar.com\/es\/wp-json\/wp\/v2\/users\/1"}],"replies":[{"embeddable":true,"href":"https:\/\/www.portimar.com\/es\/wp-json\/wp\/v2\/comments?post=956"}],"version-history":[{"count":12,"href":"https:\/\/www.portimar.com\/es\/wp-json\/wp\/v2\/pages\/956\/revisions"}],"predecessor-version":[{"id":5932,"href":"https:\/\/www.portimar.com\/es\/wp-json\/wp\/v2\/pages\/956\/revisions\/5932"}],"wp:featuredmedia":[{"embeddable":true,"href":"https:\/\/www.portimar.com\/es\/wp-json\/wp\/v2\/media\/832"}],"wp:attachment":[{"href":"https:\/\/www.portimar.com\/es\/wp-json\/wp\/v2\/media?parent=956"}],"curies":[{"name":"wp","href":"https:\/\/api.w.org\/{rel}","templated":true}]}}