{"id":984,"date":"2019-07-24T17:32:27","date_gmt":"2019-07-24T17:32:27","guid":{"rendered":"https:\/\/www.portimar.com\/incentives\/"},"modified":"2020-02-11T15:56:19","modified_gmt":"2020-02-11T15:56:19","slug":"mice","status":"publish","type":"page","link":"https:\/\/www.portimar.com\/es\/nuestros-servicios\/mice\/","title":{"rendered":"Mice"},"content":{"rendered":"\n<h4>No hay l\u00edmites, solo soluciones.<\/h4>\n\n\n\n<div class=\"wp-block-kobu-custom-blocks-responsive-spacer responsive-spacer size-custom\" style=\"height:undefinedpx\"><\/div>\n\n\n\n<p>Ofrecemos programas imaginativos y a precios razonables junto con la excelencia de nuestros servicios. Encontramos el lugar perfecto, un entretenimiento incre\u00edble y las actividades adecuadas para cada grupo.<\/p>\n\n\n\n<div class=\"wp-block-kobu-custom-blocks-responsive-spacer responsive-spacer size-custom\" style=\"height:undefinedpx\"><\/div>\n\n\n\n<p>La diversidad de programas abarca desde los m\u00e1s divertidos y motivadores, ideales para construir equipos corporativos, hasta los m\u00e1s creativos, desde temas culturales hasta lanzamientos de productos y eventos especiales.<\/p>\n\n\n\n<div class=\"wp-block-kobu-custom-blocks-responsive-spacer responsive-spacer size-custom\" style=\"height:undefinedpx\"><\/div>\n\n\n\n<p>Ofrecemos soluciones para cualquier problema. Nuestro equipo est\u00e1 formado por profesionales expertos, creativos y dedicados que proyectan y trabajan en el concepto de cada programa en funci\u00f3n de los intereses y aspiraciones de cada cliente.<\/p>\n\n\n\n<div class=\"wp-block-kobu-custom-blocks-responsive-spacer responsive-spacer size-custom\" style=\"height:undefinedpx\"><\/div>\n\n\n\n<p>Sean cuales sean sus necesidades, les ofrecemos creatividad, conocimiento y compromiso para que su experiencia sea lo m\u00e1s emocionante y \u00fanica posible, con proyectos entregados a tiempo y dentro del presupuesto establecido.<\/p>\n\n\n\n<div class=\"wp-block-kobu-custom-blocks-responsive-spacer responsive-spacer size-small\"><\/div>\n\n\n\n<ul class=\"wp-block-gallery columns-1 is-cropped\"><li class=\"blocks-gallery-item\"><figure><img loading=\"lazy\" width=\"1024\" height=\"683\" src=\"https:\/\/www.portimar.com\/files\/uploads\/2019\/10\/headway-5QgIuuBxKwM-unsplash-1024x683.jpg\" alt=\"\" data-id=\"3717\" data-link=\"https:\/\/www.portimar.com\/our-services\/mice\/headway-5qgiuubxkwm-unsplash\/\" class=\"wp-image-3717\" srcset=\"https:\/\/www.portimar.com\/files\/uploads\/2019\/10\/headway-5QgIuuBxKwM-unsplash-1024x683.jpg 1024w, https:\/\/www.portimar.com\/files\/uploads\/2019\/10\/headway-5QgIuuBxKwM-unsplash-300x200.jpg 300w, https:\/\/www.portimar.com\/files\/uploads\/2019\/10\/headway-5QgIuuBxKwM-unsplash-768x512.jpg 768w, https:\/\/www.portimar.com\/files\/uploads\/2019\/10\/headway-5QgIuuBxKwM-unsplash.jpg 1920w\" sizes=\"(max-width: 1024px) 100vw, 1024px\" \/><\/figure><\/li><\/ul>\n\n\n\n<div class=\"wp-block-kobu-custom-blocks-responsive-spacer responsive-spacer size-small\"><\/div>\n\n\n\n<h5>Reuniones<\/h5>\n\n\n\n<p>Con respecto a los valores y objetivos comerciales, creamos soluciones personalizadas para sus reuniones, siempre basadas en el contexto real de su sector.<\/p>\n\n\n\n<div class=\"wp-block-kobu-custom-blocks-responsive-spacer responsive-spacer size-small\"><\/div>\n\n\n\n<figure class=\"wp-block-image\"><img loading=\"lazy\" width=\"1024\" height=\"684\" src=\"https:\/\/www.portimar.com\/files\/uploads\/2019\/10\/Sala_Estar_Reuniao_Mesa_unica_1-1024x684.jpg\" alt=\"\" class=\"wp-image-3981\" srcset=\"https:\/\/www.portimar.com\/files\/uploads\/2019\/10\/Sala_Estar_Reuniao_Mesa_unica_1-1024x684.jpg 1024w, https:\/\/www.portimar.com\/files\/uploads\/2019\/10\/Sala_Estar_Reuniao_Mesa_unica_1-300x200.jpg 300w, https:\/\/www.portimar.com\/files\/uploads\/2019\/10\/Sala_Estar_Reuniao_Mesa_unica_1-768x513.jpg 768w, https:\/\/www.portimar.com\/files\/uploads\/2019\/10\/Sala_Estar_Reuniao_Mesa_unica_1.jpg 1500w\" sizes=\"(max-width: 1024px) 100vw, 1024px\" \/><\/figure>\n\n\n\n<div class=\"wp-block-kobu-custom-blocks-responsive-spacer responsive-spacer size-small\"><\/div>\n\n\n\n<h5>Incentivos<\/h5>\n\n\n\n<p>Portimar se especializa en crear programas para empresas que deseen recompensar a los empleados que cumplan o superen sus expectativas de desempe\u00f1o.<\/p>\n\n\n\n<div class=\"wp-block-kobu-custom-blocks-responsive-spacer responsive-spacer size-small\"><\/div>\n\n\n\n<div class=\"wp-block-kobu-custom-blocks-slider-gallery slider-gallery gallery-container hidden\"><div class=\"gallery\" role=\"list\"><div class=\"slide\" role=\"listitem\"><div class=\"figure-wrapper\" style=\"background-image:url(https:\/\/www.portimar.com\/files\/uploads\/2019\/10\/ashim-d-silva-UjxL9x0nwQ8-unsplash.jpg)\"><figure><img src=\"https:\/\/www.portimar.com\/files\/uploads\/2019\/10\/ashim-d-silva-UjxL9x0nwQ8-unsplash.jpg\" alt=\"\"\/><\/figure><\/div><\/div><div class=\"slide\" role=\"listitem\"><div class=\"figure-wrapper\" style=\"background-image:url(https:\/\/www.portimar.com\/files\/uploads\/2019\/10\/margarida-csilva-cQCqoTjr0B4-unsplash.jpg)\"><figure><img src=\"https:\/\/www.portimar.com\/files\/uploads\/2019\/10\/margarida-csilva-cQCqoTjr0B4-unsplash.jpg\" alt=\"\"\/><\/figure><\/div><\/div><div class=\"slide\" role=\"listitem\"><div class=\"figure-wrapper\" style=\"background-image:url(https:\/\/www.portimar.com\/files\/uploads\/2019\/10\/ridwan-meah-_wtP2TIJLuA-unsplash.jpg)\"><figure><img src=\"https:\/\/www.portimar.com\/files\/uploads\/2019\/10\/ridwan-meah-_wtP2TIJLuA-unsplash.jpg\" alt=\"\"\/><\/figure><\/div><\/div><div class=\"slide\" role=\"listitem\"><div class=\"figure-wrapper\" style=\"background-image:url(https:\/\/www.portimar.com\/files\/uploads\/2019\/10\/kimson-doan-AZMmUy2qL6A-unsplash.jpg)\"><figure><img src=\"https:\/\/www.portimar.com\/files\/uploads\/2019\/10\/kimson-doan-AZMmUy2qL6A-unsplash.jpg\" alt=\"\"\/><\/figure><\/div><\/div><div class=\"slide\" role=\"listitem\"><div class=\"figure-wrapper\" style=\"background-image:url(https:\/\/www.portimar.com\/files\/uploads\/2019\/10\/jakob-owens-udKo35y6LFY-unsplash.jpg)\"><figure><img src=\"https:\/\/www.portimar.com\/files\/uploads\/2019\/10\/jakob-owens-udKo35y6LFY-unsplash.jpg\" alt=\"\"\/><\/figure><\/div><\/div><\/div><\/div>\n\n\n\n<div class=\"wp-block-kobu-custom-blocks-responsive-spacer responsive-spacer size-small\"><\/div>\n\n\n\n<h5>Conferencias<\/h5>\n\n\n\n<p>Nos enfocamos en ofrecer las conferencias m\u00e1s exitosas, rentables y memorables. Portimar act\u00faa como su socio para ayudarle a crear y a administrar el funcionamiento de su conferencia, permitiendo adem\u00e1s que el comit\u00e9 organizador de la conferencia se concentre en planificar y ejecutar el contenido real del programa.<\/p>\n\n\n\n<div class=\"wp-block-kobu-custom-blocks-responsive-spacer responsive-spacer size-custom\" style=\"height:undefinedpx\"><\/div>\n\n\n\n<p>Portimar le ayuda con el presupuesto, los servicios de secretar\u00eda y el asesoramiento de expertos en la selecci\u00f3n de alojamientos, eventos sociales y una variedad de \u00e1reas complejas asociadas con la organizaci\u00f3n de una conferencia en sus \u00e1reas clave.<\/p>\n\n\n\n<div class=\"wp-block-kobu-custom-blocks-responsive-spacer responsive-spacer size-small\"><\/div>\n\n\n\n<div class=\"wp-block-kobu-custom-blocks-slider-gallery slider-gallery gallery-container hidden\"><div class=\"gallery\" role=\"list\"><div class=\"slide\" role=\"listitem\"><div class=\"figure-wrapper\" style=\"background-image:url(https:\/\/www.portimar.com\/files\/uploads\/2019\/10\/the-climate-reality-project-Hb6uWq0i4MI-unsplash.jpg)\"><figure><img src=\"https:\/\/www.portimar.com\/files\/uploads\/2019\/10\/the-climate-reality-project-Hb6uWq0i4MI-unsplash.jpg\" alt=\"\"\/><\/figure><\/div><\/div><div class=\"slide\" role=\"listitem\"><div class=\"figure-wrapper\" style=\"background-image:url(https:\/\/www.portimar.com\/files\/uploads\/2019\/10\/teemu-paananen-bzdhc5b3Bxs-unsplash.jpg)\"><figure><img src=\"https:\/\/www.portimar.com\/files\/uploads\/2019\/10\/teemu-paananen-bzdhc5b3Bxs-unsplash.jpg\" alt=\"\"\/><\/figure><\/div><\/div><div class=\"slide\" role=\"listitem\"><div class=\"figure-wrapper\" style=\"background-image:url(https:\/\/www.portimar.com\/files\/uploads\/2019\/10\/headway-F2KRf_QfCqw-unsplash.jpg)\"><figure><img src=\"https:\/\/www.portimar.com\/files\/uploads\/2019\/10\/headway-F2KRf_QfCqw-unsplash.jpg\" alt=\"\"\/><\/figure><\/div><\/div><\/div><\/div>\n\n\n\n<div class=\"wp-block-kobu-custom-blocks-responsive-spacer responsive-spacer size-small\"><\/div>\n\n\n\n<h5>Eventos<\/h5>\n\n\n\n<div class=\"wp-block-kobu-custom-blocks-responsive-spacer responsive-spacer size-small\"><\/div>\n\n\n\n<div class=\"wp-block-kobu-custom-blocks-slider-gallery slider-gallery gallery-container hidden\"><div class=\"gallery\" role=\"list\"><div class=\"slide\" role=\"listitem\"><div class=\"figure-wrapper\" style=\"background-image:url(https:\/\/www.portimar.com\/files\/uploads\/2019\/10\/Eventos.jpg)\"><figure><img src=\"https:\/\/www.portimar.com\/files\/uploads\/2019\/10\/Eventos.jpg\" alt=\"\"\/><\/figure><\/div><\/div><div class=\"slide\" role=\"listitem\"><div class=\"figure-wrapper\" style=\"background-image:url(https:\/\/www.portimar.com\/files\/uploads\/2019\/10\/jakob-dalbjorn-cuKJre3nyYc-unsplash.jpg)\"><figure><img src=\"https:\/\/www.portimar.com\/files\/uploads\/2019\/10\/jakob-dalbjorn-cuKJre3nyYc-unsplash.jpg\" alt=\"\"\/><\/figure><\/div><\/div><div class=\"slide\" role=\"listitem\"><div class=\"figure-wrapper\" style=\"background-image:url(https:\/\/www.portimar.com\/files\/uploads\/2019\/10\/luigi-pozzoli-34Xicn82lY4-unsplash.jpg)\"><figure><img src=\"https:\/\/www.portimar.com\/files\/uploads\/2019\/10\/luigi-pozzoli-34Xicn82lY4-unsplash.jpg\" alt=\"\"\/><\/figure><\/div><\/div><\/div><\/div>\n\n\n\n<div class=\"wp-block-kobu-custom-blocks-responsive-spacer responsive-spacer size-small\"><\/div>\n\n\n\n<p>Nuestro equipo se esfuerza por ofrecer programas \u00fanicos y bien pensados para su evento, promoviendo ideas clave listas para usar y contenido estrat\u00e9gico.<\/p>\n","protected":false},"excerpt":{"rendered":"<p>No hay l\u00edmites, solo soluciones. Ofrecemos programas imaginativos y a precios razonables junto con la excelencia de nuestros servicios. Encontramos el lugar perfecto, un entretenimiento incre\u00edble y las actividades adecuadas para cada grupo. La diversidad de programas abarca desde los m\u00e1s divertidos y motivadores, ideales para construir equipos corporativos, hasta los m\u00e1s creativos, desde temas [&hellip;]<\/p>\n","protected":false},"author":1,"featured_media":3724,"parent":995,"menu_order":0,"comment_status":"closed","ping_status":"closed","template":"","meta":[],"_links":{"self":[{"href":"https:\/\/www.portimar.com\/es\/wp-json\/wp\/v2\/pages\/984"}],"collection":[{"href":"https:\/\/www.portimar.com\/es\/wp-json\/wp\/v2\/pages"}],"about":[{"href":"https:\/\/www.portimar.com\/es\/wp-json\/wp\/v2\/types\/page"}],"author":[{"embeddable":true,"href":"https:\/\/www.portimar.com\/es\/wp-json\/wp\/v2\/users\/1"}],"replies":[{"embeddable":true,"href":"https:\/\/www.portimar.com\/es\/wp-json\/wp\/v2\/comments?post=984"}],"version-history":[{"count":12,"href":"https:\/\/www.portimar.com\/es\/wp-json\/wp\/v2\/pages\/984\/revisions"}],"predecessor-version":[{"id":4413,"href":"https:\/\/www.portimar.com\/es\/wp-json\/wp\/v2\/pages\/984\/revisions\/4413"}],"up":[{"embeddable":true,"href":"https:\/\/www.portimar.com\/es\/wp-json\/wp\/v2\/pages\/995"}],"wp:featuredmedia":[{"embeddable":true,"href":"https:\/\/www.portimar.com\/es\/wp-json\/wp\/v2\/media\/3724"}],"wp:attachment":[{"href":"https:\/\/www.portimar.com\/es\/wp-json\/wp\/v2\/media?parent=984"}],"curies":[{"name":"wp","href":"https:\/\/api.w.org\/{rel}","templated":true}]}}