{"id":991,"date":"2019-07-24T17:31:59","date_gmt":"2019-07-24T17:31:59","guid":{"rendered":"https:\/\/www.portimar.com\/excursions\/"},"modified":"2020-02-11T15:52:40","modified_gmt":"2020-02-11T15:52:40","slug":"fit-viajero-independiente","status":"publish","type":"page","link":"https:\/\/www.portimar.com\/es\/nuestros-servicios\/fit-viajero-independiente\/","title":{"rendered":"FIT &#8211; Viajero Independiente"},"content":{"rendered":"\n<div class=\"wp-block-kobu-custom-blocks-responsive-spacer responsive-spacer size-custom\" style=\"height:undefinedpx\"><\/div>\n\n\n\n<h4>Una gama completa de alojamientos, actividades, traslados y experiencias personalizadas para viajeros que viajen solos y deseen descubrir y entrar en contacto con la historia de Portugal, su cultura y cocina, as\u00ed como con su gente.&nbsp;<\/h4>\n\n\n\n<div class=\"wp-block-kobu-custom-blocks-responsive-spacer responsive-spacer size-small\"><\/div>\n\n\n\n<p>Brindamos servicios tur\u00edsticos \u00fanicos y actividades inigualables, inspiradas no solo en la cultura portuguesa, sino tambi\u00e9n en su herencia culinaria y la diversidad de sus paisajes, adaptados al m\u00e1ximo para que la experiencia de su cliente sea gratificante e inolvidable.<\/p>\n\n\n\n<div class=\"wp-block-kobu-custom-blocks-responsive-spacer responsive-spacer size-custom\" style=\"height:undefinedpx\"><\/div>\n\n\n\n<p>Tambi\u00e9n disponemos de itinerarios creativos, cada uno dise\u00f1ado individualmente para cumplir con los objetivos de ocio de nuestros clientes; itinerarios completos y creativos para paquetes tur\u00edsticos individuales, que var\u00edan entre hoteles de cinco estrellas, castillos y alojamientos rurales; trayectos personalizados para actividades especializadas como senderismo, trekking o catas de vinos.<\/p>\n\n\n\n<div class=\"wp-block-kobu-custom-blocks-responsive-spacer responsive-spacer size-small\"><\/div>\n\n\n\n<div class=\"wp-block-kobu-custom-blocks-slider-gallery slider-gallery gallery-container hidden\"><div class=\"gallery\" role=\"list\"><div class=\"slide\" role=\"listitem\"><div class=\"figure-wrapper\" style=\"background-image:url(https:\/\/www.portimar.com\/files\/uploads\/2019\/10\/ricardo-resende-swivynstICo-unsplash.jpg)\"><figure><img src=\"https:\/\/www.portimar.com\/files\/uploads\/2019\/10\/ricardo-resende-swivynstICo-unsplash.jpg\" alt=\"\"\/><\/figure><\/div><\/div><div class=\"slide\" role=\"listitem\"><div class=\"figure-wrapper\" style=\"background-image:url(https:\/\/www.portimar.com\/files\/uploads\/2019\/10\/patrick-fore-UFqV-RqPm8w-unsplash.jpg)\"><figure><img src=\"https:\/\/www.portimar.com\/files\/uploads\/2019\/10\/patrick-fore-UFqV-RqPm8w-unsplash.jpg\" alt=\"\"\/><\/figure><\/div><\/div><div class=\"slide\" role=\"listitem\"><div class=\"figure-wrapper\" style=\"background-image:url(https:\/\/www.portimar.com\/files\/uploads\/2019\/10\/luca-dugaro-1OEqBMavEak-unsplash.jpg)\"><figure><img src=\"https:\/\/www.portimar.com\/files\/uploads\/2019\/10\/luca-dugaro-1OEqBMavEak-unsplash.jpg\" alt=\"\"\/><\/figure><\/div><\/div><div class=\"slide\" role=\"listitem\"><div class=\"figure-wrapper\" style=\"background-image:url(https:\/\/www.portimar.com\/files\/uploads\/2019\/10\/elio-santos-AM3fGb78CU4-unsplash.jpg)\"><figure><img src=\"https:\/\/www.portimar.com\/files\/uploads\/2019\/10\/elio-santos-AM3fGb78CU4-unsplash.jpg\" alt=\"\"\/><\/figure><\/div><\/div><\/div><\/div>\n\n\n\n<div class=\"wp-block-kobu-custom-blocks-responsive-spacer responsive-spacer size-small\"><\/div>\n\n\n\n<p>No hace falta perder el tiempo en b\u00fasquedas de alojamiento que consumen mucho tiempo, mapas o descripciones de recorridos, o decidiendo qu\u00e9 ruta elegir. Lo ofrecemos todo!<\/p>\n\n\n\n<div class=\"wp-block-kobu-custom-blocks-responsive-spacer responsive-spacer size-custom\" style=\"height:undefinedpx\"><\/div>\n\n\n\n<p>D\u00edganos cu\u00e1les son las necesidades de sus clientes o m\u00e1ndenos sugerencias. Nos gustar\u00eda ayudarle a planificar y completar su itinerario con actividades emocionantes y originales.<\/p>\n\n\n\n<div class=\"wp-block-kobu-custom-blocks-responsive-spacer responsive-spacer size-custom\" style=\"height:undefinedpx\"><\/div>\n\n\n\n<p>Nuestra cartera incluye una amplia gama de productos de viaje individuales, entre ellos:<\/p>\n\n\n\n<div class=\"wp-block-kobu-custom-blocks-responsive-spacer responsive-spacer size-custom\" style=\"height:undefinedpx\"><\/div>\n\n\n\n<h6>Hoteles | Actividades | Transporte | Viajes a la ciudad | Viajes de ida y vuelta | Recorridos personalizados | Experiencias individuales<\/h6>\n","protected":false},"excerpt":{"rendered":"<p>Una gama completa de alojamientos, actividades, traslados y experiencias personalizadas para viajeros que viajen solos y deseen descubrir y entrar en contacto con la historia de Portugal, su cultura y cocina, as\u00ed como con su gente.&nbsp; Brindamos servicios tur\u00edsticos \u00fanicos y actividades inigualables, inspiradas no solo en la cultura portuguesa, sino tambi\u00e9n en su herencia [&hellip;]<\/p>\n","protected":false},"author":1,"featured_media":3682,"parent":995,"menu_order":0,"comment_status":"closed","ping_status":"closed","template":"","meta":[],"_links":{"self":[{"href":"https:\/\/www.portimar.com\/es\/wp-json\/wp\/v2\/pages\/991"}],"collection":[{"href":"https:\/\/www.portimar.com\/es\/wp-json\/wp\/v2\/pages"}],"about":[{"href":"https:\/\/www.portimar.com\/es\/wp-json\/wp\/v2\/types\/page"}],"author":[{"embeddable":true,"href":"https:\/\/www.portimar.com\/es\/wp-json\/wp\/v2\/users\/1"}],"replies":[{"embeddable":true,"href":"https:\/\/www.portimar.com\/es\/wp-json\/wp\/v2\/comments?post=991"}],"version-history":[{"count":29,"href":"https:\/\/www.portimar.com\/es\/wp-json\/wp\/v2\/pages\/991\/revisions"}],"predecessor-version":[{"id":4502,"href":"https:\/\/www.portimar.com\/es\/wp-json\/wp\/v2\/pages\/991\/revisions\/4502"}],"up":[{"embeddable":true,"href":"https:\/\/www.portimar.com\/es\/wp-json\/wp\/v2\/pages\/995"}],"wp:featuredmedia":[{"embeddable":true,"href":"https:\/\/www.portimar.com\/es\/wp-json\/wp\/v2\/media\/3682"}],"wp:attachment":[{"href":"https:\/\/www.portimar.com\/es\/wp-json\/wp\/v2\/media?parent=991"}],"curies":[{"name":"wp","href":"https:\/\/api.w.org\/{rel}","templated":true}]}}