{"id":1404,"date":"2019-08-20T17:19:38","date_gmt":"2019-08-20T17:19:38","guid":{"rendered":"https:\/\/www.portimar.com\/?page_id=1404"},"modified":"2019-11-07T14:23:23","modified_gmt":"2019-11-07T14:23:23","slug":"piodao","status":"publish","type":"page","link":"https:\/\/www.portimar.com\/pt-pt\/homepage\/piodao\/","title":{"rendered":"Pi\u00f3d\u00e3o"},"content":{"rendered":"\n<h4>A aldeia do Pi\u00f3d\u00e3o, tamb\u00e9m conhecida como a \u201caldeia pres\u00e9pio\u201d, gra\u00e7as ao tom e disposi\u00e7\u00e3o das suas casas de xisto, convida-nos a conhecer um mundo pitoresco.<\/h4>\n\n\n\n<p>O Pi\u00f3d\u00e3o \u00e9 uma das Aldeias Hist\u00f3ricas de Portugal, onde o tempo preserva a beleza da regi\u00e3o e onde s\u00e3o in\u00fameros os cen\u00e1rios para visitar e se perder de encanto.&nbsp;<\/p>\n\n\n\n<p>Situado num magn\u00edfico vale, resguardado dos fortes ventos que castigam o alto da deslumbrante Serra do A\u00e7or, a majestosa aldeia do Pi\u00f3d\u00e3o remete-nos para a imagem do pres\u00e9pio devido \u00e0 forma harmoniosa com que as suas casas se encontram dispostas, em forma de anfiteatro.<\/p>\n\n\n\n<div class=\"wp-block-kobu-custom-blocks-responsive-spacer responsive-spacer size-small\"><\/div>\n\n\n\n<div class=\"wp-block-kobu-custom-blocks-slider-gallery slider-gallery gallery-container hidden\"><div class=\"gallery\" role=\"list\"><div class=\"slide\" role=\"listitem\"><div class=\"figure-wrapper\" style=\"background-image:url(https:\/\/www.portimar.com\/files\/uploads\/2019\/09\/26986300548_b666b24873_o.jpg)\"><figure><img src=\"https:\/\/www.portimar.com\/files\/uploads\/2019\/09\/26986300548_b666b24873_o.jpg\" alt=\"\"\/><\/figure><\/div><\/div><div class=\"slide\" role=\"listitem\"><div class=\"figure-wrapper\" style=\"background-image:url(https:\/\/www.portimar.com\/files\/uploads\/2019\/09\/39144451530_eca377fd2a_k.jpg)\"><figure><img src=\"https:\/\/www.portimar.com\/files\/uploads\/2019\/09\/39144451530_eca377fd2a_k.jpg\" alt=\"\"\/><\/figure><\/div><\/div><div class=\"slide\" role=\"listitem\"><div class=\"figure-wrapper\" style=\"background-image:url(https:\/\/www.portimar.com\/files\/uploads\/2019\/09\/40015059560_27872d9f8a_k.jpg)\"><figure><img src=\"https:\/\/www.portimar.com\/files\/uploads\/2019\/09\/40015059560_27872d9f8a_k.jpg\" alt=\"\"\/><\/figure><\/div><\/div><div class=\"slide\" role=\"listitem\"><div class=\"figure-wrapper\" style=\"background-image:url(https:\/\/www.portimar.com\/files\/uploads\/2019\/09\/40923619055_cbb4428b35_k.jpg)\"><figure><img src=\"https:\/\/www.portimar.com\/files\/uploads\/2019\/09\/40923619055_cbb4428b35_k.jpg\" alt=\"\"\/><\/figure><\/div><\/div><\/div><\/div>\n\n\n\n<div class=\"wp-block-kobu-custom-blocks-responsive-spacer responsive-spacer size-small\"><\/div>\n\n\n\n<p>S\u00e3o as tradi\u00e7\u00f5es que d\u00e3o alma \u00e0 aldeia, a par com as popula\u00e7\u00f5es locais, que nos fazem sentir em casa desde o primeiro instante, at\u00e9 ao momento de partir para uma nova aventura.<\/p>\n\n\n\n<p>Apesar de algumas tradi\u00e7\u00f5es se terem perdido, outras persistem e s\u00e3o vis\u00edveis aos olhos dos visitantes.<br><br>As cruzes colocadas nas padieiras das tradicionais portas pintadas de azul, um costume dos piodenses que, no dia de Santa Cruz, depois de irem \u00e0 missa, pregam nas padieiras das portas de entrada das casas uma pequena cruz de madeira com folha de louro e oliveira, invocando a prote\u00e7\u00e3o de Santa B\u00e1rbara contra as fortes intemp\u00e9ries.<br><br>A produ\u00e7\u00e3o artesanal \u00e9 tamb\u00e9m ela muito caracter\u00edstica desta aldeia e corresponde a objetos de xisto, como miniaturas das casas de Pi\u00f3d\u00e3o, cestaria, colheres e gamelas de madeira. No largo da igreja, encontramos os comerciantes de artesanato e licores, que nos d\u00e3o a provar os sabores do Pi\u00f3d\u00e3o, como a deliciosa&nbsp;broa de batata, o mel, o queijo da serra, os licores ou a aguardente.<\/p>\n\n\n\n<div class=\"wp-block-kobu-custom-blocks-responsive-spacer responsive-spacer size-small\"><\/div>\n\n\n\n<figure class=\"wp-block-embed-youtube wp-block-embed is-type-video is-provider-youtube wp-embed-aspect-16-9 wp-has-aspect-ratio\"><div class=\"wp-block-embed__wrapper\">\n<div class=\"youtube embed-container youtube\"><div class=\"video-placeholder\" style=\"background-image: url(https:\/\/img.youtube.com\/vi\/Drg_Mqm6Uys\/hqdefault.jpg);\"><\/div><div class=\"iframe youtube-video\" title=\"\u201cInside\u201d: vencedor do ART&amp;TUR Factory 2018\" data-iframe-src=\"Drg_Mqm6Uys\" data-iframe-origin=\"https:\/\/www.portimar.com\/pt-pt\/\" data-iframe-start=\"0\"><noscript><iframe loading=\"lazy\" class=\"youtube-video\" title=\"Youtube video\" width=\"640\" height=\"360\" src=\"https:\/\/www.youtube.com\/embed\/Drg_Mqm6Uys?modestbranding=1&#038;showinfo=0&#038;rel=0&#038;enablejsapi=1&#038;origin=https:\/\/www.portimar.com\/pt-pt\/\" webkitallowfullscreen mozallowfullscreen allowfullscreen> <\/iframe><\/noscript><\/div><\/div>\n<\/div><\/figure>\n\n\n\n<div class=\"wp-block-kobu-custom-blocks-responsive-spacer responsive-spacer size-medium\"><\/div>\n\n\n\n<div class=\"wp-block-kobu-custom-blocks-responsive-spacer responsive-spacer size-medium\"><\/div>\n","protected":false},"excerpt":{"rendered":"<p>A aldeia do Pi\u00f3d\u00e3o, tamb\u00e9m conhecida como a \u201caldeia pres\u00e9pio\u201d, gra\u00e7as ao tom e disposi\u00e7\u00e3o das suas casas de xisto, convida-nos a conhecer um mundo pitoresco. O Pi\u00f3d\u00e3o \u00e9 uma das Aldeias Hist\u00f3ricas de Portugal, onde o tempo preserva a beleza da regi\u00e3o e onde s\u00e3o in\u00fameros os cen\u00e1rios para visitar e se perder de [&hellip;]<\/p>\n","protected":false},"author":2,"featured_media":2677,"parent":955,"menu_order":0,"comment_status":"closed","ping_status":"closed","template":"templates\/location.php","meta":[],"_links":{"self":[{"href":"https:\/\/www.portimar.com\/pt-pt\/wp-json\/wp\/v2\/pages\/1404"}],"collection":[{"href":"https:\/\/www.portimar.com\/pt-pt\/wp-json\/wp\/v2\/pages"}],"about":[{"href":"https:\/\/www.portimar.com\/pt-pt\/wp-json\/wp\/v2\/types\/page"}],"author":[{"embeddable":true,"href":"https:\/\/www.portimar.com\/pt-pt\/wp-json\/wp\/v2\/users\/2"}],"replies":[{"embeddable":true,"href":"https:\/\/www.portimar.com\/pt-pt\/wp-json\/wp\/v2\/comments?post=1404"}],"version-history":[{"count":29,"href":"https:\/\/www.portimar.com\/pt-pt\/wp-json\/wp\/v2\/pages\/1404\/revisions"}],"predecessor-version":[{"id":4086,"href":"https:\/\/www.portimar.com\/pt-pt\/wp-json\/wp\/v2\/pages\/1404\/revisions\/4086"}],"up":[{"embeddable":true,"href":"https:\/\/www.portimar.com\/pt-pt\/wp-json\/wp\/v2\/pages\/955"}],"wp:featuredmedia":[{"embeddable":true,"href":"https:\/\/www.portimar.com\/pt-pt\/wp-json\/wp\/v2\/media\/2677"}],"wp:attachment":[{"href":"https:\/\/www.portimar.com\/pt-pt\/wp-json\/wp\/v2\/media?parent=1404"}],"curies":[{"name":"wp","href":"https:\/\/api.w.org\/{rel}","templated":true}]}}