{"id":1794,"date":"2019-09-03T16:24:20","date_gmt":"2019-09-03T16:24:20","guid":{"rendered":"https:\/\/www.portimar.com\/?page_id=1794"},"modified":"2019-11-07T14:22:27","modified_gmt":"2019-11-07T14:22:27","slug":"monsaraz","status":"publish","type":"page","link":"https:\/\/www.portimar.com\/pt-pt\/homepage\/monsaraz\/","title":{"rendered":"Monsaraz"},"content":{"rendered":"\n<h4>Descobrir Monsaraz \u00e9 viajar no tempo e desfrutar da Hist\u00f3ria no presente. E h\u00e1 tanto para ver e sentir nesta encantadora m\u00e1quina do tempo, bem no cora\u00e7\u00e3o do Alentejo!<\/h4>\n\n\n\n<p>Situada no topo privilegiado de uma colina e com vista sobre o Guadiana e a fronteira com Espanha, Monsaraz tornou-se altamente cobi\u00e7ada por m\u00faltiplas civiliza\u00e7\u00f5es que a disputaram desde tempos pr\u00e9-hist\u00f3ricos. Na regi\u00e3o, est\u00e3o registados v\u00e1rias centenas de pontos arqueol\u00f3gicos dos per\u00edodos Paleol\u00edtico, Neol\u00edtico, Calcol\u00edtico, Idade do Bronze e Idade do Ferro.<br><br>As muralhas que circundam a vila guardam uma povoa\u00e7\u00e3o acolhedora, onde a luz acaricia os pitorescos e tradicionais lares das hospitaleiras gentes desta terra. Em qualquer restaurante, o visitante \u00e9 brindado com os cantares alentejanos, proclamado em 2014 como Patrim\u00f3nio Imaterial da Humanidade da UNESCO. <\/p>\n\n\n\n<div class=\"wp-block-kobu-custom-blocks-responsive-spacer responsive-spacer size-small\"><\/div>\n\n\n\n<div class=\"wp-block-kobu-custom-blocks-slider-gallery slider-gallery gallery-container hidden\"><div class=\"gallery\" role=\"list\"><div class=\"slide\" role=\"listitem\"><div class=\"figure-wrapper\" style=\"background-image:url(https:\/\/www.portimar.com\/files\/uploads\/2019\/09\/Alentejo_Monsaraz_shutterstock_326097908-1.jpg)\"><figure><img src=\"https:\/\/www.portimar.com\/files\/uploads\/2019\/09\/Alentejo_Monsaraz_shutterstock_326097908-1.jpg\" alt=\"\"\/><\/figure><\/div><\/div><div class=\"slide\" role=\"listitem\"><div class=\"figure-wrapper\" style=\"background-image:url(https:\/\/www.portimar.com\/files\/uploads\/2019\/09\/703A2683-1.jpg)\"><figure><img src=\"https:\/\/www.portimar.com\/files\/uploads\/2019\/09\/703A2683-1.jpg\" alt=\"\"\/><\/figure><\/div><\/div><div class=\"slide\" role=\"listitem\"><div class=\"figure-wrapper\" style=\"background-image:url(https:\/\/www.portimar.com\/files\/uploads\/2019\/09\/Amanhecer-no-Lago-1.jpg)\"><figure><img src=\"https:\/\/www.portimar.com\/files\/uploads\/2019\/09\/Amanhecer-no-Lago-1.jpg\" alt=\"\"\/><\/figure><\/div><\/div><div class=\"slide\" role=\"listitem\"><div class=\"figure-wrapper\" style=\"background-image:url(https:\/\/www.portimar.com\/files\/uploads\/2019\/09\/Dark-Sky-Anta-Olival-da-Pega-1.jpg)\"><figure><img src=\"https:\/\/www.portimar.com\/files\/uploads\/2019\/09\/Dark-Sky-Anta-Olival-da-Pega-1.jpg\" alt=\"\"\/><\/figure><\/div><\/div><\/div><\/div>\n\n\n\n<div class=\"wp-block-kobu-custom-blocks-responsive-spacer responsive-spacer size-small\"><\/div>\n\n\n\n<p>Monsaraz \u00e9 tamb\u00e9m um dos principais locais em Portugal de Astroturismo.&nbsp; A reserva Dark Sky Alqueva foi a primeira do mundo a obter a certifica\u00e7\u00e3o Starlight Tourism Destination, atestando as caracter\u00edsticas \u00fanicas do c\u00e9u noturno da vila alentejana.<br><br>Para os que se aventuram \u00e0 descoberta de ruas estreitas, cantos e recantos soalheiros ou de pontos altos como o Campan\u00e1rio e a Torre das Feiticeiras, \u00e9 certa a sensa\u00e7\u00e3o de deslumbramento e surpresa causada pela magn\u00edfica e tradicional paisagem agora enriquecida pela beleza do Grande Lago Alqueva.<br><br>Para al\u00e9m dos fatores ambientais que resultam da combina\u00e7\u00e3o de influ\u00eancias mediterr\u00e2nicas e atl\u00e2nticas, com uma riqueza de cores de acordo com os ciclos da natureza e as esta\u00e7\u00f5es do ano, a gastronomia \u00e9 tamb\u00e9m um dos pratos fortes desta regi\u00e3o, sendo ele o reflexo do aproveitamento e combina\u00e7\u00e3o de ervas arom\u00e1ticas, do azeite e do p\u00e3o. Por consequ\u00eancia, a presen\u00e7a \u00e0 mesa do tradicional p\u00e3o alentejano, das azeitonas, do queijo e enchidos \u00e9 obrigat\u00f3ria.<\/p>\n\n\n\n<div class=\"wp-block-kobu-custom-blocks-responsive-spacer responsive-spacer size-medium\"><\/div>\n\n\n\n<figure class=\"wp-block-embed-youtube wp-block-embed is-type-video is-provider-youtube wp-embed-aspect-16-9 wp-has-aspect-ratio\"><div class=\"wp-block-embed__wrapper\">\n<div class=\"youtube embed-container youtube\"><div class=\"video-placeholder\" style=\"background-image: url(https:\/\/img.youtube.com\/vi\/Ul-thTglyT0\/hqdefault.jpg);\"><\/div><div class=\"iframe youtube-video\" title=\"Monsaraz &amp; Alqueva aerial view - 4K Ultra HD\" data-iframe-src=\"Ul-thTglyT0\" data-iframe-origin=\"https:\/\/www.portimar.com\/pt-pt\/\" data-iframe-start=\"430\"><noscript><iframe loading=\"lazy\" class=\"youtube-video\" title=\"Youtube video\" width=\"640\" height=\"360\" src=\"https:\/\/www.youtube.com\/embed\/Ul-thTglyT0?start=430&#038;modestbranding=1&#038;showinfo=0&#038;rel=0&#038;enablejsapi=1&#038;origin=https:\/\/www.portimar.com\/pt-pt\/\" webkitallowfullscreen mozallowfullscreen allowfullscreen> <\/iframe><\/noscript><\/div><\/div>\n<\/div><\/figure>\n","protected":false},"excerpt":{"rendered":"<p>Descobrir Monsaraz \u00e9 viajar no tempo e desfrutar da Hist\u00f3ria no presente. E h\u00e1 tanto para ver e sentir nesta encantadora m\u00e1quina do tempo, bem no cora\u00e7\u00e3o do Alentejo! Situada no topo privilegiado de uma colina e com vista sobre o Guadiana e a fronteira com Espanha, Monsaraz tornou-se altamente cobi\u00e7ada por m\u00faltiplas civiliza\u00e7\u00f5es que [&hellip;]<\/p>\n","protected":false},"author":2,"featured_media":2657,"parent":955,"menu_order":0,"comment_status":"closed","ping_status":"closed","template":"templates\/location.php","meta":[],"_links":{"self":[{"href":"https:\/\/www.portimar.com\/pt-pt\/wp-json\/wp\/v2\/pages\/1794"}],"collection":[{"href":"https:\/\/www.portimar.com\/pt-pt\/wp-json\/wp\/v2\/pages"}],"about":[{"href":"https:\/\/www.portimar.com\/pt-pt\/wp-json\/wp\/v2\/types\/page"}],"author":[{"embeddable":true,"href":"https:\/\/www.portimar.com\/pt-pt\/wp-json\/wp\/v2\/users\/2"}],"replies":[{"embeddable":true,"href":"https:\/\/www.portimar.com\/pt-pt\/wp-json\/wp\/v2\/comments?post=1794"}],"version-history":[{"count":48,"href":"https:\/\/www.portimar.com\/pt-pt\/wp-json\/wp\/v2\/pages\/1794\/revisions"}],"predecessor-version":[{"id":4084,"href":"https:\/\/www.portimar.com\/pt-pt\/wp-json\/wp\/v2\/pages\/1794\/revisions\/4084"}],"up":[{"embeddable":true,"href":"https:\/\/www.portimar.com\/pt-pt\/wp-json\/wp\/v2\/pages\/955"}],"wp:featuredmedia":[{"embeddable":true,"href":"https:\/\/www.portimar.com\/pt-pt\/wp-json\/wp\/v2\/media\/2657"}],"wp:attachment":[{"href":"https:\/\/www.portimar.com\/pt-pt\/wp-json\/wp\/v2\/media?parent=1794"}],"curies":[{"name":"wp","href":"https:\/\/api.w.org\/{rel}","templated":true}]}}