{"id":2287,"date":"2019-09-17T13:55:00","date_gmt":"2019-09-17T13:55:00","guid":{"rendered":"https:\/\/www.portimar.com\/?page_id=2287"},"modified":"2019-11-07T14:31:40","modified_gmt":"2019-11-07T14:31:40","slug":"conectividade-online","status":"publish","type":"page","link":"https:\/\/www.portimar.com\/pt-pt\/servicos\/conectividade-online\/","title":{"rendered":"Conectividade Online"},"content":{"rendered":"\n<h4>Num mundo cada vez mais global, o setor do turismo \u00e9 moldado pela tecnologia e exige um permanente acompanhamento e adequa\u00e7\u00e3o aos novos desenvolvimentos tecnol\u00f3gicos e modelos de neg\u00f3cio.<\/h4>\n\n\n\n<div class=\"wp-block-kobu-custom-blocks-responsive-spacer responsive-spacer size-custom\" style=\"height:undefinedpx\"><\/div>\n\n\n\n<p>Oferecemos as melhores solu\u00e7\u00f5es tecnol\u00f3gicas aos nossos parceiros e clientes e &#8211; paralelamente &#8211; somos detentores de um profundo know-how, de uma vis\u00e3o clara do setor, que nos permite potenciar o produto e distribuir de forma adequada a cada cliente, sempre com a m\u00e1xima rentabilidade.<\/p>\n\n\n\n<div class=\"wp-block-kobu-custom-blocks-responsive-spacer responsive-spacer size-small\"><\/div>\n\n\n\n<figure class=\"wp-block-image\"><img loading=\"lazy\" width=\"1024\" height=\"683\" src=\"https:\/\/www.portimar.com\/files\/uploads\/2019\/10\/thomas-lefebvre-gp8BLyaTaA0-unsplash-1024x683.jpg\" alt=\"\" class=\"wp-image-3461\" srcset=\"https:\/\/www.portimar.com\/files\/uploads\/2019\/10\/thomas-lefebvre-gp8BLyaTaA0-unsplash-1024x683.jpg 1024w, https:\/\/www.portimar.com\/files\/uploads\/2019\/10\/thomas-lefebvre-gp8BLyaTaA0-unsplash-300x200.jpg 300w, https:\/\/www.portimar.com\/files\/uploads\/2019\/10\/thomas-lefebvre-gp8BLyaTaA0-unsplash-768x512.jpg 768w, https:\/\/www.portimar.com\/files\/uploads\/2019\/10\/thomas-lefebvre-gp8BLyaTaA0-unsplash.jpg 1920w\" sizes=\"(max-width: 1024px) 100vw, 1024px\" \/><\/figure>\n\n\n\n<div class=\"wp-block-kobu-custom-blocks-responsive-spacer responsive-spacer size-small\"><\/div>\n\n\n\n<p>Temos uma equipa especializada nesta \u00e1rea, detentora de uma vasta experi\u00eancia, que acompanha os nossos clientes em todo processo de integra\u00e7\u00e3o, efetuando uma monitoriza\u00e7\u00e3o e manuten\u00e7\u00e3o constante de forma a maximizar a sua performance.<\/p>\n\n\n\n<div class=\"wp-block-kobu-custom-blocks-responsive-spacer responsive-spacer size-custom\" style=\"height:undefinedpx\"><\/div>\n\n\n\n<p>O nosso objetivo em cada processo de integra\u00e7\u00e3o \u00e9 oferecer o produto certo para cada cliente, nas melhores condi\u00e7\u00f5es.<\/p>\n\n\n\n<div class=\"wp-block-kobu-custom-blocks-responsive-spacer responsive-spacer size-medium\"><\/div>\n","protected":false},"excerpt":{"rendered":"<p>Num mundo cada vez mais global, o setor do turismo \u00e9 moldado pela tecnologia e exige um permanente acompanhamento e adequa\u00e7\u00e3o aos novos desenvolvimentos tecnol\u00f3gicos e modelos de neg\u00f3cio. Oferecemos as melhores solu\u00e7\u00f5es tecnol\u00f3gicas aos nossos parceiros e clientes e &#8211; paralelamente &#8211; somos detentores de um profundo know-how, de uma vis\u00e3o clara do setor, [&hellip;]<\/p>\n","protected":false},"author":2,"featured_media":3457,"parent":997,"menu_order":0,"comment_status":"closed","ping_status":"closed","template":"","meta":[],"_links":{"self":[{"href":"https:\/\/www.portimar.com\/pt-pt\/wp-json\/wp\/v2\/pages\/2287"}],"collection":[{"href":"https:\/\/www.portimar.com\/pt-pt\/wp-json\/wp\/v2\/pages"}],"about":[{"href":"https:\/\/www.portimar.com\/pt-pt\/wp-json\/wp\/v2\/types\/page"}],"author":[{"embeddable":true,"href":"https:\/\/www.portimar.com\/pt-pt\/wp-json\/wp\/v2\/users\/2"}],"replies":[{"embeddable":true,"href":"https:\/\/www.portimar.com\/pt-pt\/wp-json\/wp\/v2\/comments?post=2287"}],"version-history":[{"count":8,"href":"https:\/\/www.portimar.com\/pt-pt\/wp-json\/wp\/v2\/pages\/2287\/revisions"}],"predecessor-version":[{"id":4081,"href":"https:\/\/www.portimar.com\/pt-pt\/wp-json\/wp\/v2\/pages\/2287\/revisions\/4081"}],"up":[{"embeddable":true,"href":"https:\/\/www.portimar.com\/pt-pt\/wp-json\/wp\/v2\/pages\/997"}],"wp:featuredmedia":[{"embeddable":true,"href":"https:\/\/www.portimar.com\/pt-pt\/wp-json\/wp\/v2\/media\/3457"}],"wp:attachment":[{"href":"https:\/\/www.portimar.com\/pt-pt\/wp-json\/wp\/v2\/media?parent=2287"}],"curies":[{"name":"wp","href":"https:\/\/api.w.org\/{rel}","templated":true}]}}