{"id":2449,"date":"2019-09-19T16:00:54","date_gmt":"2019-09-19T16:00:54","guid":{"rendered":"https:\/\/www.portimar.com\/?page_id=2449"},"modified":"2020-01-21T15:18:39","modified_gmt":"2020-01-21T15:18:39","slug":"loule","status":"publish","type":"page","link":"https:\/\/www.portimar.com\/pt-pt\/homepage\/loule\/","title":{"rendered":"Loul\u00e9"},"content":{"rendered":"\n<h4>Com caracter\u00edsticas hist\u00f3ricas que marcam o centro da cidade, Loul\u00e9 possui uma variad\u00edssima oferta de monumentos, recantos de casas t\u00edpicas e ruelas singulares.<\/h4>\n\n\n\n<p>Loul\u00e9 goza de uma localiza\u00e7\u00e3o privilegiada no centro do Algarve. Situada numa regi\u00e3o de montes ondulantes que se estende entre as aldeias pitorescas da Serra do Caldeir\u00e3o e o espl\u00eandido litoral algarvio, Loul\u00e9 \u00e9 uma movimentada cidade comercial que contrasta com a descontra\u00edda atmosfera balnear das est\u00e2ncias costeiras.<\/p>\n\n\n\n<p>De Loul\u00e9 trazemos bonitas mem\u00f3rias, da genuinidade e autenticidade das suas gentes, da gastronomia, dos saberes artesanais t\u00e3o bem preservados.<\/p>\n\n\n\n<p>Ao explorar as ruas hist\u00f3ricas da cidade, damos de caras com com aqueles cuja sabedoria preserva as origens do presente nas suas m\u00e3os &#8211; os artes\u00e3os, os guardi\u00f5es do passado &#8211; recreando diariamente pequenos retalhos de Hist\u00f3ria, trazendo para o quotidiano h\u00e1bitos e tradi\u00e7\u00f5es de muitos povos que habitaram a regi\u00e3o.<\/p>\n\n\n\n<div class=\"wp-block-kobu-custom-blocks-responsive-spacer responsive-spacer size-small\"><\/div>\n\n\n\n<div class=\"wp-block-kobu-custom-blocks-slider-gallery slider-gallery gallery-container hidden\"><div class=\"gallery\" role=\"list\"><div class=\"slide\" role=\"listitem\"><div class=\"figure-wrapper\" style=\"background-image:url(https:\/\/www.portimar.com\/files\/uploads\/2020\/01\/3O2A6394.jpg)\"><figure><img src=\"https:\/\/www.portimar.com\/files\/uploads\/2020\/01\/3O2A6394.jpg\" alt=\"\"\/><\/figure><\/div><\/div><div class=\"slide\" role=\"listitem\"><div class=\"figure-wrapper\" style=\"background-image:url(https:\/\/www.portimar.com\/files\/uploads\/2020\/01\/3O2A6845.jpg)\"><figure><img src=\"https:\/\/www.portimar.com\/files\/uploads\/2020\/01\/3O2A6845.jpg\" alt=\"\"\/><\/figure><\/div><\/div><div class=\"slide\" role=\"listitem\"><div class=\"figure-wrapper\" style=\"background-image:url(https:\/\/www.portimar.com\/files\/uploads\/2020\/01\/3O2A7216.jpg)\"><figure><img src=\"https:\/\/www.portimar.com\/files\/uploads\/2020\/01\/3O2A7216.jpg\" alt=\"\"\/><\/figure><\/div><\/div><div class=\"slide\" role=\"listitem\"><div class=\"figure-wrapper\" style=\"background-image:url(https:\/\/www.portimar.com\/files\/uploads\/2020\/01\/3O2A7352.jpg)\"><figure><img src=\"https:\/\/www.portimar.com\/files\/uploads\/2020\/01\/3O2A7352.jpg\" alt=\"\"\/><\/figure><\/div><\/div><div class=\"slide\" role=\"listitem\"><div class=\"figure-wrapper\" style=\"background-image:url(https:\/\/www.portimar.com\/files\/uploads\/2020\/01\/3O2A6413.jpg)\"><figure><img src=\"https:\/\/www.portimar.com\/files\/uploads\/2020\/01\/3O2A6413.jpg\" alt=\"\"\/><\/figure><\/div><\/div><\/div><\/div>\n\n\n\n<div class=\"wp-block-kobu-custom-blocks-responsive-spacer responsive-spacer size-small\"><\/div>\n\n\n\n<p>No per\u00edodo isl\u00e2mico, Loul\u00e9 foi um dos principais centros e uma das localidades mais celebradas pelos ge\u00f3grafos \u00e1rabes que descreveram o territ\u00f3rio algarvio. O que resta do seu castelo e das suas muralhas atesta bem a import\u00e2ncia que teve no contexto isl\u00e2mico, quer pelas dimens\u00f5es da cerca muralhada, quer pela sua relev\u00e2ncia art\u00edstica e arqueol\u00f3gica.<\/p>\n\n\n\n<p>Loul\u00e9 remete-nos constantemente a \u00e9pocas remotas preservadas nos monumentos da sua zona hist\u00f3rica, testemunhos reais de um passado artisticamente reproduzido em diversos edif\u00edcios emblem\u00e1ticos, como o Mercado Municipal, o principal ex-l\u00edbris da cidade.<\/p>\n\n\n\n<p>Galardoado com&nbsp;o&nbsp;Pr\u00e9mio Turismo,&nbsp;em&nbsp;2008, o Mercado Municipal, tamb\u00e9m chamado de &#8220;A Pra\u00e7a&#8221;, \u00e9&nbsp;ainda lugar de elei\u00e7\u00e3o de muitos para fazerem as suas compras, pois \u00e9 aqui que se podem encontrar os melhores peixes e frutas, verduras, legumes&nbsp;e&nbsp;hortali\u00e7as&nbsp;mais&nbsp;frescas,&nbsp;para&nbsp;al\u00e9m de artigos de artesanato diverso.<\/p>\n\n\n\n<div class=\"wp-block-kobu-custom-blocks-responsive-spacer responsive-spacer size-small\"><\/div>\n\n\n\n<figure class=\"wp-block-kobu-custom-blocks-custom-video media-wrapper\" data-settings=\"{&quot;webm&quot;:&quot;&quot;,&quot;mp4&quot;:&quot;https:\/\/www.portimar.com\/files\/uploads\/2020\/01\/PTM_LouleCriativo_PT__1920x1080px_WebRES.mp4&quot;,&quot;ogg&quot;:&quot;&quot;,&quot;track&quot;:&quot;https:\/\/www.portimar.com\/files\/uploads\/2020\/01\/PTM_LouleCriativo_PT__ClosedCaptions.srt&quot;,&quot;trackKind&quot;:&quot;subtitles&quot;,&quot;trackSrclang&quot;:&quot;pt&quot;,&quot;autoplay&quot;:false,&quot;loop&quot;:false,&quot;muted&quot;:false,&quot;controls&quot;:true,&quot;preload&quot;:&quot;metadata&quot;}\"><div class=\"video-placeholder\" style=\"background-image:url(https:\/\/www.portimar.com\/files\/uploads\/2020\/01\/Screenshot-2020-01-21-at-15.10.55-1.png);padding-top:56.25%\"><img src=\"https:\/\/www.portimar.com\/files\/uploads\/2020\/01\/Screenshot-2020-01-21-at-15.10.55-1.png\" alt=\"\"\/><\/div><noscript><video controls preload=\"metadata\" poster=\"https:\/\/www.portimar.com\/files\/uploads\/2020\/01\/Screenshot-2020-01-21-at-15.10.55-1.png\"><source src=\"https:\/\/www.portimar.com\/files\/uploads\/2020\/01\/PTM_LouleCriativo_PT__1920x1080px_WebRES.mp4\" type=\"video\/mp4\"\/><track default kind=\"subtitles\" srclang=\"pt\" src=\"https:\/\/www.portimar.com\/files\/uploads\/2020\/01\/PTM_LouleCriativo_PT__ClosedCaptions.srt\"\/><\/video><\/noscript><\/figure>\n\n\n\n<div class=\"wp-block-kobu-custom-blocks-responsive-spacer responsive-spacer size-medium\"><\/div>\n","protected":false},"excerpt":{"rendered":"<p>Com caracter\u00edsticas hist\u00f3ricas que marcam o centro da cidade, Loul\u00e9 possui uma variad\u00edssima oferta de monumentos, recantos de casas t\u00edpicas e ruelas singulares. Loul\u00e9 goza de uma localiza\u00e7\u00e3o privilegiada no centro do Algarve. Situada numa regi\u00e3o de montes ondulantes que se estende entre as aldeias pitorescas da Serra do Caldeir\u00e3o e o espl\u00eandido litoral algarvio, [&hellip;]<\/p>\n","protected":false},"author":2,"featured_media":4253,"parent":955,"menu_order":0,"comment_status":"closed","ping_status":"closed","template":"templates\/location.php","meta":[],"_links":{"self":[{"href":"https:\/\/www.portimar.com\/pt-pt\/wp-json\/wp\/v2\/pages\/2449"}],"collection":[{"href":"https:\/\/www.portimar.com\/pt-pt\/wp-json\/wp\/v2\/pages"}],"about":[{"href":"https:\/\/www.portimar.com\/pt-pt\/wp-json\/wp\/v2\/types\/page"}],"author":[{"embeddable":true,"href":"https:\/\/www.portimar.com\/pt-pt\/wp-json\/wp\/v2\/users\/2"}],"replies":[{"embeddable":true,"href":"https:\/\/www.portimar.com\/pt-pt\/wp-json\/wp\/v2\/comments?post=2449"}],"version-history":[{"count":20,"href":"https:\/\/www.portimar.com\/pt-pt\/wp-json\/wp\/v2\/pages\/2449\/revisions"}],"predecessor-version":[{"id":4322,"href":"https:\/\/www.portimar.com\/pt-pt\/wp-json\/wp\/v2\/pages\/2449\/revisions\/4322"}],"up":[{"embeddable":true,"href":"https:\/\/www.portimar.com\/pt-pt\/wp-json\/wp\/v2\/pages\/955"}],"wp:featuredmedia":[{"embeddable":true,"href":"https:\/\/www.portimar.com\/pt-pt\/wp-json\/wp\/v2\/media\/4253"}],"wp:attachment":[{"href":"https:\/\/www.portimar.com\/pt-pt\/wp-json\/wp\/v2\/media?parent=2449"}],"curies":[{"name":"wp","href":"https:\/\/api.w.org\/{rel}","templated":true}]}}