{"id":5588,"date":"2023-05-04T10:22:01","date_gmt":"2023-05-04T10:22:01","guid":{"rendered":"https:\/\/www.portimar.com\/plano-de-acao\/"},"modified":"2024-10-28T13:18:42","modified_gmt":"2024-10-28T13:18:42","slug":"plano-de-acao","status":"publish","type":"page","link":"https:\/\/www.portimar.com\/pt-pt\/plano-de-acao\/","title":{"rendered":"Plano de A\u00e7\u00e3o"},"content":{"rendered":"\n<p>Em seguida encontra o nosso plano de a\u00e7\u00e3o para o ano corrente:<\/p>\n\n\n\n<p><a href=\"https:\/\/portimar.sharepoint.com\/:b:\/s\/DocsPlace\/EVqJWdY6bg5OhE7e_UDSMnIB6IfBGXxn4rN1wWTvr9m7Yw?e=vKgHd1\" target=\"_blank\" rel=\"noreferrer noopener\" title=\"ActionPlan\">Plano de A\u00e7\u00e3o<\/a><\/p>\n","protected":false},"excerpt":{"rendered":"<p>Em seguida encontra o nosso plano de a\u00e7\u00e3o para o ano corrente: Plano de A\u00e7\u00e3o<\/p>\n","protected":false},"author":4,"featured_media":5517,"parent":0,"menu_order":0,"comment_status":"closed","ping_status":"closed","template":"","meta":[],"_links":{"self":[{"href":"https:\/\/www.portimar.com\/pt-pt\/wp-json\/wp\/v2\/pages\/5588"}],"collection":[{"href":"https:\/\/www.portimar.com\/pt-pt\/wp-json\/wp\/v2\/pages"}],"about":[{"href":"https:\/\/www.portimar.com\/pt-pt\/wp-json\/wp\/v2\/types\/page"}],"author":[{"embeddable":true,"href":"https:\/\/www.portimar.com\/pt-pt\/wp-json\/wp\/v2\/users\/4"}],"replies":[{"embeddable":true,"href":"https:\/\/www.portimar.com\/pt-pt\/wp-json\/wp\/v2\/comments?post=5588"}],"version-history":[{"count":9,"href":"https:\/\/www.portimar.com\/pt-pt\/wp-json\/wp\/v2\/pages\/5588\/revisions"}],"predecessor-version":[{"id":5908,"href":"https:\/\/www.portimar.com\/pt-pt\/wp-json\/wp\/v2\/pages\/5588\/revisions\/5908"}],"wp:featuredmedia":[{"embeddable":true,"href":"https:\/\/www.portimar.com\/pt-pt\/wp-json\/wp\/v2\/media\/5517"}],"wp:attachment":[{"href":"https:\/\/www.portimar.com\/pt-pt\/wp-json\/wp\/v2\/media?parent=5588"}],"curies":[{"name":"wp","href":"https:\/\/api.w.org\/{rel}","templated":true}]}}