{"id":5590,"date":"2023-05-04T10:25:01","date_gmt":"2023-05-04T10:25:01","guid":{"rendered":"https:\/\/www.portimar.com\/caminho-para-a-sustentabilidade\/"},"modified":"2023-05-04T17:12:05","modified_gmt":"2023-05-04T17:12:05","slug":"caminho-para-a-sustentabilidade","status":"publish","type":"page","link":"https:\/\/www.portimar.com\/pt-pt\/caminho-para-a-sustentabilidade\/","title":{"rendered":"Caminho para a Sustentabilidade"},"content":{"rendered":"\n<p>Todas as jornadas t\u00eam um come\u00e7o e n\u00f3s j\u00e1 demos os primeiros passos:<\/p>\n\n\n\n<ul><li><a href=\"https:\/\/www.portimar.com\/pt-pt\/missao-visao-e-valores\/\" target=\"_blank\" rel=\"noreferrer noopener\">Miss\u00e3o, Vis\u00e3o e Valores<\/a><\/li><li><a href=\"https:\/\/www.portimar.com\/pt-pt\/politica-de-sustentabilidade\/\" target=\"_blank\" rel=\"noreferrer noopener\">Pol\u00edtica de Sustentabilidade<\/a><\/li><li><a href=\"https:\/\/www.portimar.com\/pt-pt\/politica-de-gestao-de-fornecedores-2\/\" target=\"_blank\" rel=\"noreferrer noopener\">Pol\u00edtica de Gest\u00e3o de Fornecedores<\/a><\/li><li><a href=\"https:\/\/www.portimar.com\/pt-pt\/codigo-de-etica\/\">C\u00f3digo de \u00c9tica<\/a><\/li><li><a href=\"https:\/\/www.portimar.com\/pt-pt\/relatorio-de-sustentabilidade\/\" target=\"_blank\" rel=\"noreferrer noopener\">Relat\u00f3rio de Sustentabilidade<\/a><\/li><li><a href=\"https:\/\/www.portimar.com\/pt-pt\/plano-de-acao\/\" target=\"_blank\" rel=\"noreferrer noopener\">Plano de A\u00e7\u00e3o<\/a><\/li><li><a href=\"https:\/\/portimar.sharepoint.com\/:i:\/s\/DocsPlace\/EXJJyxVk_WlIiQdhyqVZol0BGuiICc08ARkWl3__1SVxvw?e=n8j1Pw\">Certificado Travelife<\/a><\/li><\/ul>\n\n\n\n<p><\/p>\n","protected":false},"excerpt":{"rendered":"<p>Todas as jornadas t\u00eam um come\u00e7o e n\u00f3s j\u00e1 demos os primeiros passos: Miss\u00e3o, Vis\u00e3o e Valores Pol\u00edtica de Sustentabilidade Pol\u00edtica de Gest\u00e3o de Fornecedores C\u00f3digo de \u00c9tica Relat\u00f3rio de Sustentabilidade Plano de A\u00e7\u00e3o Certificado Travelife<\/p>\n","protected":false},"author":4,"featured_media":5513,"parent":0,"menu_order":0,"comment_status":"closed","ping_status":"closed","template":"","meta":[],"_links":{"self":[{"href":"https:\/\/www.portimar.com\/pt-pt\/wp-json\/wp\/v2\/pages\/5590"}],"collection":[{"href":"https:\/\/www.portimar.com\/pt-pt\/wp-json\/wp\/v2\/pages"}],"about":[{"href":"https:\/\/www.portimar.com\/pt-pt\/wp-json\/wp\/v2\/types\/page"}],"author":[{"embeddable":true,"href":"https:\/\/www.portimar.com\/pt-pt\/wp-json\/wp\/v2\/users\/4"}],"replies":[{"embeddable":true,"href":"https:\/\/www.portimar.com\/pt-pt\/wp-json\/wp\/v2\/comments?post=5590"}],"version-history":[{"count":4,"href":"https:\/\/www.portimar.com\/pt-pt\/wp-json\/wp\/v2\/pages\/5590\/revisions"}],"predecessor-version":[{"id":5650,"href":"https:\/\/www.portimar.com\/pt-pt\/wp-json\/wp\/v2\/pages\/5590\/revisions\/5650"}],"wp:featuredmedia":[{"embeddable":true,"href":"https:\/\/www.portimar.com\/pt-pt\/wp-json\/wp\/v2\/media\/5513"}],"wp:attachment":[{"href":"https:\/\/www.portimar.com\/pt-pt\/wp-json\/wp\/v2\/media?parent=5590"}],"curies":[{"name":"wp","href":"https:\/\/api.w.org\/{rel}","templated":true}]}}