{"id":5595,"date":"2023-05-04T11:03:00","date_gmt":"2023-05-04T11:03:00","guid":{"rendered":"https:\/\/www.portimar.com\/politica-de-sustentabilidade\/"},"modified":"2024-10-28T13:13:41","modified_gmt":"2024-10-28T13:13:41","slug":"politica-de-sustentabilidade","status":"publish","type":"page","link":"https:\/\/www.portimar.com\/pt-pt\/politica-de-sustentabilidade\/","title":{"rendered":"Pol\u00edtica de Sustentabilidade"},"content":{"rendered":"\n<p>Comprometemo-nos a seguir os princ\u00edpios refletidos na nossa pol\u00edtica:<\/p>\n\n\n\n<p><a href=\"https:\/\/portimar.sharepoint.com\/:b:\/s\/DocsPlace\/ETvmRsESIXZLr-X3Hbk6IDwB85CZ6gxYYyP2_BjYfN_iIA?e=2Q529R\" target=\"_blank\" rel=\"noreferrer noopener\" title=\"SustainabilityPolicy\">Pol\u00edtica de Sustentabilidade<\/a><\/p>\n\n\n\n<p><\/p>\n","protected":false},"excerpt":{"rendered":"<p>Comprometemo-nos a seguir os princ\u00edpios refletidos na nossa pol\u00edtica: Pol\u00edtica de Sustentabilidade<\/p>\n","protected":false},"author":4,"featured_media":5517,"parent":0,"menu_order":0,"comment_status":"closed","ping_status":"closed","template":"","meta":[],"_links":{"self":[{"href":"https:\/\/www.portimar.com\/pt-pt\/wp-json\/wp\/v2\/pages\/5595"}],"collection":[{"href":"https:\/\/www.portimar.com\/pt-pt\/wp-json\/wp\/v2\/pages"}],"about":[{"href":"https:\/\/www.portimar.com\/pt-pt\/wp-json\/wp\/v2\/types\/page"}],"author":[{"embeddable":true,"href":"https:\/\/www.portimar.com\/pt-pt\/wp-json\/wp\/v2\/users\/4"}],"replies":[{"embeddable":true,"href":"https:\/\/www.portimar.com\/pt-pt\/wp-json\/wp\/v2\/comments?post=5595"}],"version-history":[{"count":4,"href":"https:\/\/www.portimar.com\/pt-pt\/wp-json\/wp\/v2\/pages\/5595\/revisions"}],"predecessor-version":[{"id":5903,"href":"https:\/\/www.portimar.com\/pt-pt\/wp-json\/wp\/v2\/pages\/5595\/revisions\/5903"}],"wp:featuredmedia":[{"embeddable":true,"href":"https:\/\/www.portimar.com\/pt-pt\/wp-json\/wp\/v2\/media\/5517"}],"wp:attachment":[{"href":"https:\/\/www.portimar.com\/pt-pt\/wp-json\/wp\/v2\/media?parent=5595"}],"curies":[{"name":"wp","href":"https:\/\/api.w.org\/{rel}","templated":true}]}}