{"id":5597,"date":"2023-05-04T11:03:59","date_gmt":"2023-05-04T11:03:59","guid":{"rendered":"https:\/\/www.portimar.com\/missao-visao-e-valores\/"},"modified":"2024-10-28T13:17:56","modified_gmt":"2024-10-28T13:17:56","slug":"missao-visao-e-valores","status":"publish","type":"page","link":"https:\/\/www.portimar.com\/pt-pt\/missao-visao-e-valores\/","title":{"rendered":"Miss\u00e3o, Vis\u00e3o e Valores"},"content":{"rendered":"\n<p>Pode encontrar a nossa Miss\u00e3o, Vis\u00e3o &amp; Valores no seguinte documento:<\/p>\n\n\n\n<ul><li><a href=\"https:\/\/portimar.sharepoint.com\/:b:\/s\/DocsPlace\/EWxKamnvMl5DmkwWR1tlb9gBhLzL-fxcUPklXScX8f_I-Q?e=1I9Mko\" target=\"_blank\" rel=\"noreferrer noopener\" title=\"MissionAndValues\">Miss\u00e3o, Vis\u00e3o e Valores<\/a><\/li><\/ul>\n\n\n\n<p><\/p>\n","protected":false},"excerpt":{"rendered":"<p>Pode encontrar a nossa Miss\u00e3o, Vis\u00e3o &amp; Valores no seguinte documento: Miss\u00e3o, Vis\u00e3o e Valores<\/p>\n","protected":false},"author":4,"featured_media":5517,"parent":0,"menu_order":0,"comment_status":"closed","ping_status":"closed","template":"","meta":[],"_links":{"self":[{"href":"https:\/\/www.portimar.com\/pt-pt\/wp-json\/wp\/v2\/pages\/5597"}],"collection":[{"href":"https:\/\/www.portimar.com\/pt-pt\/wp-json\/wp\/v2\/pages"}],"about":[{"href":"https:\/\/www.portimar.com\/pt-pt\/wp-json\/wp\/v2\/types\/page"}],"author":[{"embeddable":true,"href":"https:\/\/www.portimar.com\/pt-pt\/wp-json\/wp\/v2\/users\/4"}],"replies":[{"embeddable":true,"href":"https:\/\/www.portimar.com\/pt-pt\/wp-json\/wp\/v2\/comments?post=5597"}],"version-history":[{"count":5,"href":"https:\/\/www.portimar.com\/pt-pt\/wp-json\/wp\/v2\/pages\/5597\/revisions"}],"predecessor-version":[{"id":5907,"href":"https:\/\/www.portimar.com\/pt-pt\/wp-json\/wp\/v2\/pages\/5597\/revisions\/5907"}],"wp:featuredmedia":[{"embeddable":true,"href":"https:\/\/www.portimar.com\/pt-pt\/wp-json\/wp\/v2\/media\/5517"}],"wp:attachment":[{"href":"https:\/\/www.portimar.com\/pt-pt\/wp-json\/wp\/v2\/media?parent=5597"}],"curies":[{"name":"wp","href":"https:\/\/api.w.org\/{rel}","templated":true}]}}