{"id":5599,"date":"2023-05-04T11:05:42","date_gmt":"2023-05-04T11:05:42","guid":{"rendered":"https:\/\/www.portimar.com\/relatorio-de-sustentabilidade\/"},"modified":"2024-10-28T13:15:03","modified_gmt":"2024-10-28T13:15:03","slug":"relatorio-de-sustentabilidade","status":"publish","type":"page","link":"https:\/\/www.portimar.com\/pt-pt\/relatorio-de-sustentabilidade\/","title":{"rendered":"Relat\u00f3rio de Sustentabilidade"},"content":{"rendered":"\n<p>Veja abaixo o nosso \u00faltimo relat\u00f3rio de sustentabilidade:<\/p>\n\n\n\n<p><a href=\"https:\/\/portimar.sharepoint.com\/:b:\/s\/DocsPlace\/Ec3x9mJ1p5xMnMy_mZ2sCgEBXMaiQch9duQFs4msLWAg3w?e=5eUvir\" target=\"_blank\" rel=\"noreferrer noopener\" title=\"SustainabilityReport\">Relat\u00f3rio de Sustentabilidade<\/a><\/p>\n","protected":false},"excerpt":{"rendered":"<p>Veja abaixo o nosso \u00faltimo relat\u00f3rio de sustentabilidade: Relat\u00f3rio de Sustentabilidade<\/p>\n","protected":false},"author":4,"featured_media":5517,"parent":0,"menu_order":0,"comment_status":"closed","ping_status":"closed","template":"","meta":[],"_links":{"self":[{"href":"https:\/\/www.portimar.com\/pt-pt\/wp-json\/wp\/v2\/pages\/5599"}],"collection":[{"href":"https:\/\/www.portimar.com\/pt-pt\/wp-json\/wp\/v2\/pages"}],"about":[{"href":"https:\/\/www.portimar.com\/pt-pt\/wp-json\/wp\/v2\/types\/page"}],"author":[{"embeddable":true,"href":"https:\/\/www.portimar.com\/pt-pt\/wp-json\/wp\/v2\/users\/4"}],"replies":[{"embeddable":true,"href":"https:\/\/www.portimar.com\/pt-pt\/wp-json\/wp\/v2\/comments?post=5599"}],"version-history":[{"count":6,"href":"https:\/\/www.portimar.com\/pt-pt\/wp-json\/wp\/v2\/pages\/5599\/revisions"}],"predecessor-version":[{"id":5904,"href":"https:\/\/www.portimar.com\/pt-pt\/wp-json\/wp\/v2\/pages\/5599\/revisions\/5904"}],"wp:featuredmedia":[{"embeddable":true,"href":"https:\/\/www.portimar.com\/pt-pt\/wp-json\/wp\/v2\/media\/5517"}],"wp:attachment":[{"href":"https:\/\/www.portimar.com\/pt-pt\/wp-json\/wp\/v2\/media?parent=5599"}],"curies":[{"name":"wp","href":"https:\/\/api.w.org\/{rel}","templated":true}]}}