{"id":5613,"date":"2023-05-04T11:37:03","date_gmt":"2023-05-04T11:37:03","guid":{"rendered":"https:\/\/www.portimar.com\/?page_id=5613"},"modified":"2024-10-28T13:17:12","modified_gmt":"2024-10-28T13:17:12","slug":"codigo-de-etica","status":"publish","type":"page","link":"https:\/\/www.portimar.com\/pt-pt\/codigo-de-etica\/","title":{"rendered":"C\u00f3digo de \u00c9tica"},"content":{"rendered":"\n<p>Pode encontrar o nosso C\u00f3digo de \u00c9tica no seguinte documento: <\/p>\n\n\n\n<p><a href=\"https:\/\/portimar.sharepoint.com\/:b:\/s\/DocsPlace\/EeNmHf2h1LlBh04WZYEZObEB6ee08Hjp5OwNNWjhIwvdZA?e=s7bEy0\" target=\"_blank\" rel=\"noreferrer noopener\">C\u00f3digo de \u00c9tica<\/a><\/p>\n","protected":false},"excerpt":{"rendered":"<p>Pode encontrar o nosso C\u00f3digo de \u00c9tica no seguinte documento: C\u00f3digo de \u00c9tica<\/p>\n","protected":false},"author":4,"featured_media":5517,"parent":0,"menu_order":0,"comment_status":"closed","ping_status":"closed","template":"","meta":[],"_links":{"self":[{"href":"https:\/\/www.portimar.com\/pt-pt\/wp-json\/wp\/v2\/pages\/5613"}],"collection":[{"href":"https:\/\/www.portimar.com\/pt-pt\/wp-json\/wp\/v2\/pages"}],"about":[{"href":"https:\/\/www.portimar.com\/pt-pt\/wp-json\/wp\/v2\/types\/page"}],"author":[{"embeddable":true,"href":"https:\/\/www.portimar.com\/pt-pt\/wp-json\/wp\/v2\/users\/4"}],"replies":[{"embeddable":true,"href":"https:\/\/www.portimar.com\/pt-pt\/wp-json\/wp\/v2\/comments?post=5613"}],"version-history":[{"count":2,"href":"https:\/\/www.portimar.com\/pt-pt\/wp-json\/wp\/v2\/pages\/5613\/revisions"}],"predecessor-version":[{"id":5906,"href":"https:\/\/www.portimar.com\/pt-pt\/wp-json\/wp\/v2\/pages\/5613\/revisions\/5906"}],"wp:featuredmedia":[{"embeddable":true,"href":"https:\/\/www.portimar.com\/pt-pt\/wp-json\/wp\/v2\/media\/5517"}],"wp:attachment":[{"href":"https:\/\/www.portimar.com\/pt-pt\/wp-json\/wp\/v2\/media?parent=5613"}],"curies":[{"name":"wp","href":"https:\/\/api.w.org\/{rel}","templated":true}]}}