{"id":5615,"date":"2023-05-04T11:54:48","date_gmt":"2023-05-04T11:54:48","guid":{"rendered":"https:\/\/www.portimar.com\/?page_id=5615"},"modified":"2024-10-28T13:13:20","modified_gmt":"2024-10-28T13:13:20","slug":"politica-de-gestao-de-fornecedores-2","status":"publish","type":"page","link":"https:\/\/www.portimar.com\/pt-pt\/politica-de-gestao-de-fornecedores-2\/","title":{"rendered":"Pol\u00edtica de Gest\u00e3o de Fornecedores"},"content":{"rendered":"\n<p>Pode encontrar a nossa Pol\u00edtica de Gest\u00e3o de Fornecedores no seguinte documento: <\/p>\n\n\n\n<p><a href=\"https:\/\/portimar.sharepoint.com\/:b:\/s\/DocsPlace\/EZ_-b0igoqVItOvANzE3lW0BWm_QIk8jVMPHTyvwnne7Dg?e=QsHlM4\" target=\"_blank\" rel=\"noreferrer noopener\">Pol\u00edtica de Gest\u00e3o de Fornecedores<\/a><\/p>\n","protected":false},"excerpt":{"rendered":"<p>Pode encontrar a nossa Pol\u00edtica de Gest\u00e3o de Fornecedores no seguinte documento: Pol\u00edtica de Gest\u00e3o de Fornecedores<\/p>\n","protected":false},"author":4,"featured_media":5517,"parent":0,"menu_order":0,"comment_status":"closed","ping_status":"closed","template":"","meta":[],"_links":{"self":[{"href":"https:\/\/www.portimar.com\/pt-pt\/wp-json\/wp\/v2\/pages\/5615"}],"collection":[{"href":"https:\/\/www.portimar.com\/pt-pt\/wp-json\/wp\/v2\/pages"}],"about":[{"href":"https:\/\/www.portimar.com\/pt-pt\/wp-json\/wp\/v2\/types\/page"}],"author":[{"embeddable":true,"href":"https:\/\/www.portimar.com\/pt-pt\/wp-json\/wp\/v2\/users\/4"}],"replies":[{"embeddable":true,"href":"https:\/\/www.portimar.com\/pt-pt\/wp-json\/wp\/v2\/comments?post=5615"}],"version-history":[{"count":3,"href":"https:\/\/www.portimar.com\/pt-pt\/wp-json\/wp\/v2\/pages\/5615\/revisions"}],"predecessor-version":[{"id":5902,"href":"https:\/\/www.portimar.com\/pt-pt\/wp-json\/wp\/v2\/pages\/5615\/revisions\/5902"}],"wp:featuredmedia":[{"embeddable":true,"href":"https:\/\/www.portimar.com\/pt-pt\/wp-json\/wp\/v2\/media\/5517"}],"wp:attachment":[{"href":"https:\/\/www.portimar.com\/pt-pt\/wp-json\/wp\/v2\/media?parent=5615"}],"curies":[{"name":"wp","href":"https:\/\/api.w.org\/{rel}","templated":true}]}}