{"id":5625,"date":"2023-05-04T13:29:56","date_gmt":"2023-05-04T13:29:56","guid":{"rendered":"https:\/\/www.portimar.com\/?page_id=5625"},"modified":"2023-05-04T15:54:22","modified_gmt":"2023-05-04T15:54:22","slug":"gestao-da-qualidade","status":"publish","type":"page","link":"https:\/\/www.portimar.com\/pt-pt\/gestao-da-qualidade\/","title":{"rendered":"Gest\u00e3o da Qualidade"},"content":{"rendered":"\n<p>Prestar servi\u00e7os de qualidade ao cliente \u00e9 a nossa prioridade.<\/p>\n\n\n\n<p><a href=\"https:\/\/www.portimar.com\/pt-pt\/politica-da-qualidade\/\" target=\"_blank\" rel=\"noreferrer noopener\">Pol\u00edtica de Qualidade<\/a><\/p>\n\n\n\n<p><a href=\"https:\/\/www.portimar.com\/pt-pt\/certificado-iso-9001\/\" target=\"_blank\" rel=\"noreferrer noopener\">Certificado ISO 9001<\/a><\/p>\n","protected":false},"excerpt":{"rendered":"<p>Prestar servi\u00e7os de qualidade ao cliente \u00e9 a nossa prioridade. Pol\u00edtica de Qualidade Certificado ISO 9001<\/p>\n","protected":false},"author":4,"featured_media":5643,"parent":0,"menu_order":0,"comment_status":"closed","ping_status":"closed","template":"","meta":[],"_links":{"self":[{"href":"https:\/\/www.portimar.com\/pt-pt\/wp-json\/wp\/v2\/pages\/5625"}],"collection":[{"href":"https:\/\/www.portimar.com\/pt-pt\/wp-json\/wp\/v2\/pages"}],"about":[{"href":"https:\/\/www.portimar.com\/pt-pt\/wp-json\/wp\/v2\/types\/page"}],"author":[{"embeddable":true,"href":"https:\/\/www.portimar.com\/pt-pt\/wp-json\/wp\/v2\/users\/4"}],"replies":[{"embeddable":true,"href":"https:\/\/www.portimar.com\/pt-pt\/wp-json\/wp\/v2\/comments?post=5625"}],"version-history":[{"count":3,"href":"https:\/\/www.portimar.com\/pt-pt\/wp-json\/wp\/v2\/pages\/5625\/revisions"}],"predecessor-version":[{"id":5642,"href":"https:\/\/www.portimar.com\/pt-pt\/wp-json\/wp\/v2\/pages\/5625\/revisions\/5642"}],"wp:featuredmedia":[{"embeddable":true,"href":"https:\/\/www.portimar.com\/pt-pt\/wp-json\/wp\/v2\/media\/5643"}],"wp:attachment":[{"href":"https:\/\/www.portimar.com\/pt-pt\/wp-json\/wp\/v2\/media?parent=5625"}],"curies":[{"name":"wp","href":"https:\/\/api.w.org\/{rel}","templated":true}]}}