{"id":948,"date":"2019-07-31T22:22:05","date_gmt":"2019-07-31T22:22:05","guid":{"rendered":"https:\/\/www.portimar.com\/executive-message\/"},"modified":"2019-12-04T10:40:52","modified_gmt":"2019-12-04T10:40:52","slug":"mensagem-executiva","status":"publish","type":"page","link":"https:\/\/www.portimar.com\/pt-pt\/sobre-nos\/mensagem-executiva\/","title":{"rendered":"Mensagem Executiva"},"content":{"rendered":"\n<h2>A Portimar de Olhos Postos no Futuro<\/h2>\n\n\n\n<div class=\"wp-block-kobu-custom-blocks-responsive-spacer responsive-spacer size-small\"><\/div>\n\n\n\n<h5>H\u00e1 mais de trinta anos no mercado, a Portimar quer dar seguimento ao crescimento especializado em Portugal e al\u00e9m fronteiras.<\/h5>\n\n\n\n<div class=\"wp-block-kobu-custom-blocks-responsive-spacer responsive-spacer size-small\"><\/div>\n\n\n\n<p>Com escrit\u00f3rios em Portugal e Espanha, a Portimar enfrenta cada desafio como valor acrescentado, tanto pelo trabalho realizado, como pela consolida\u00e7\u00e3o das val\u00eancias de todos os membros da equipa.<\/p>\n\n\n\n<div class=\"wp-block-kobu-custom-blocks-responsive-spacer responsive-spacer size-small\"><\/div>\n\n\n\n<p>Oferecendo as melhores solu\u00e7\u00f5es para os seus clientes: desde incentivos inesquec\u00edveis a programas para grupos desenhados \u00e0 medida das exig\u00eancias de cada tipo de cliente, pautamos por um contacto pr\u00f3ximo e acess\u00edvel, com efici\u00eancia e rapidez no planeamento.<\/p>\n\n\n\n<figure class=\"wp-block-kobu-custom-blocks-custom-video media-wrapper\" data-settings=\"{&quot;webm&quot;:&quot;&quot;,&quot;mp4&quot;:&quot;https:\/\/www.portimar.com\/files\/uploads\/2019\/10\/EXECUTIVE_MESSAGE_20191028_WebRES.mp4&quot;,&quot;ogg&quot;:&quot;&quot;,&quot;track&quot;:&quot;https:\/\/www.portimar.com\/files\/uploads\/2019\/12\/EXECUTIVE_MESSAGE_CC__PT-4.srt&quot;,&quot;trackKind&quot;:&quot;&quot;,&quot;trackSrclang&quot;:&quot;&quot;,&quot;autoplay&quot;:false,&quot;loop&quot;:false,&quot;muted&quot;:false,&quot;controls&quot;:true,&quot;preload&quot;:&quot;metadata&quot;}\"><div class=\"video-placeholder\" style=\"background-image:url(https:\/\/www.portimar.com\/files\/uploads\/2019\/10\/Eduardo_Executive_message_thumbnail.jpg);padding-top:56.25%\"><img src=\"https:\/\/www.portimar.com\/files\/uploads\/2019\/10\/Eduardo_Executive_message_thumbnail.jpg\" alt=\"\"\/><\/div><noscript><video controls preload=\"metadata\" poster=\"https:\/\/www.portimar.com\/files\/uploads\/2019\/10\/Eduardo_Executive_message_thumbnail.jpg\"><source src=\"https:\/\/www.portimar.com\/files\/uploads\/2019\/10\/EXECUTIVE_MESSAGE_20191028_WebRES.mp4\" type=\"video\/mp4\"\/><track default kind=\"\" srclang=\"\" src=\"https:\/\/www.portimar.com\/files\/uploads\/2019\/12\/EXECUTIVE_MESSAGE_CC__PT-4.srt\"\/><\/video><\/noscript><\/figure>\n","protected":false},"excerpt":{"rendered":"<p>A Portimar de Olhos Postos no Futuro H\u00e1 mais de trinta anos no mercado, a Portimar quer dar seguimento ao crescimento especializado em Portugal e al\u00e9m fronteiras. Com escrit\u00f3rios em Portugal e Espanha, a Portimar enfrenta cada desafio como valor acrescentado, tanto pelo trabalho realizado, como pela consolida\u00e7\u00e3o das val\u00eancias de todos os membros da [&hellip;]<\/p>\n","protected":false},"author":1,"featured_media":3645,"parent":1018,"menu_order":0,"comment_status":"closed","ping_status":"closed","template":"templates\/executive-message.php","meta":[],"_links":{"self":[{"href":"https:\/\/www.portimar.com\/pt-pt\/wp-json\/wp\/v2\/pages\/948"}],"collection":[{"href":"https:\/\/www.portimar.com\/pt-pt\/wp-json\/wp\/v2\/pages"}],"about":[{"href":"https:\/\/www.portimar.com\/pt-pt\/wp-json\/wp\/v2\/types\/page"}],"author":[{"embeddable":true,"href":"https:\/\/www.portimar.com\/pt-pt\/wp-json\/wp\/v2\/users\/1"}],"replies":[{"embeddable":true,"href":"https:\/\/www.portimar.com\/pt-pt\/wp-json\/wp\/v2\/comments?post=948"}],"version-history":[{"count":39,"href":"https:\/\/www.portimar.com\/pt-pt\/wp-json\/wp\/v2\/pages\/948\/revisions"}],"predecessor-version":[{"id":4245,"href":"https:\/\/www.portimar.com\/pt-pt\/wp-json\/wp\/v2\/pages\/948\/revisions\/4245"}],"up":[{"embeddable":true,"href":"https:\/\/www.portimar.com\/pt-pt\/wp-json\/wp\/v2\/pages\/1018"}],"wp:featuredmedia":[{"embeddable":true,"href":"https:\/\/www.portimar.com\/pt-pt\/wp-json\/wp\/v2\/media\/3645"}],"wp:attachment":[{"href":"https:\/\/www.portimar.com\/pt-pt\/wp-json\/wp\/v2\/media?parent=948"}],"curies":[{"name":"wp","href":"https:\/\/api.w.org\/{rel}","templated":true}]}}