{"id":958,"date":"2019-07-25T16:03:25","date_gmt":"2019-07-25T16:03:25","guid":{"rendered":"https:\/\/www.portimar.com\/terms-and-conditions\/"},"modified":"2024-10-28T17:52:38","modified_gmt":"2024-10-28T17:52:38","slug":"termos-e-condicoes","status":"publish","type":"page","link":"https:\/\/www.portimar.com\/pt-pt\/termos-e-condicoes\/","title":{"rendered":"Termos e Condi\u00e7\u00f5es"},"content":{"rendered":"\n<p>Em seguida poder\u00e1 encontrar os documentos relativos \u00e0s Condi\u00e7\u00f5es Gerais de Venda e \u00e0 Ficha Informativa Normalizada:<\/p>\n\n\n\n<p><a href=\"https:\/\/portimar.sharepoint.com\/:b:\/s\/DocsPlace\/ERO7zBjzRnZImDak1wgo4gMBxQE5rtIx0Qcxuxz1vt-iuQ?e=xcNDgI\" target=\"_blank\" rel=\"noreferrer noopener\">Condi\u00e7\u00f5es <\/a><a href=\"https:\/\/portimar.sharepoint.com\/:b:\/s\/DocsPlace\/EUkN5vq_lW5Km60sWk1oKiwB9MrWHX6SDfRDW-U0GIxxYQ?e=bpVvPz\" target=\"_blank\" rel=\"noreferrer noopener\">Gerais <\/a><a href=\"https:\/\/portimar.sharepoint.com\/:b:\/s\/DocsPlace\/ERO7zBjzRnZImDak1wgo4gMBxQE5rtIx0Qcxuxz1vt-iuQ?e=xcNDgI\" target=\"_blank\" rel=\"noreferrer noopener\">de Venda<\/a><\/p>\n\n\n\n<p><a href=\"https:\/\/portimar.sharepoint.com\/:b:\/s\/DocsPlace\/ET0hrc6KxkNJiPjV5fEBp2cBugSvQRUMLycsJbr4LUtn9Q?e=mxiUBA\" target=\"_blank\" rel=\"noreferrer noopener\">Ficha Informativa Normalizada<\/a><\/p>\n\n\n\n<div class=\"wp-block-kobu-custom-blocks-responsive-spacer responsive-spacer size-small\"><\/div>\n\n\n\n<p><\/p>\n\n\n\n<p><\/p>\n\n\n\n<div class=\"wp-block-kobu-custom-blocks-responsive-spacer responsive-spacer size-small\"><\/div>\n","protected":false},"excerpt":{"rendered":"<p>Em seguida poder\u00e1 encontrar os documentos relativos \u00e0s Condi\u00e7\u00f5es Gerais de Venda e \u00e0 Ficha Informativa Normalizada: Condi\u00e7\u00f5es Gerais de Venda Ficha Informativa Normalizada<\/p>\n","protected":false},"author":1,"featured_media":831,"parent":0,"menu_order":11,"comment_status":"closed","ping_status":"closed","template":"","meta":[],"_links":{"self":[{"href":"https:\/\/www.portimar.com\/pt-pt\/wp-json\/wp\/v2\/pages\/958"}],"collection":[{"href":"https:\/\/www.portimar.com\/pt-pt\/wp-json\/wp\/v2\/pages"}],"about":[{"href":"https:\/\/www.portimar.com\/pt-pt\/wp-json\/wp\/v2\/types\/page"}],"author":[{"embeddable":true,"href":"https:\/\/www.portimar.com\/pt-pt\/wp-json\/wp\/v2\/users\/1"}],"replies":[{"embeddable":true,"href":"https:\/\/www.portimar.com\/pt-pt\/wp-json\/wp\/v2\/comments?post=958"}],"version-history":[{"count":25,"href":"https:\/\/www.portimar.com\/pt-pt\/wp-json\/wp\/v2\/pages\/958\/revisions"}],"predecessor-version":[{"id":5928,"href":"https:\/\/www.portimar.com\/pt-pt\/wp-json\/wp\/v2\/pages\/958\/revisions\/5928"}],"wp:featuredmedia":[{"embeddable":true,"href":"https:\/\/www.portimar.com\/pt-pt\/wp-json\/wp\/v2\/media\/831"}],"wp:attachment":[{"href":"https:\/\/www.portimar.com\/pt-pt\/wp-json\/wp\/v2\/media?parent=958"}],"curies":[{"name":"wp","href":"https:\/\/api.w.org\/{rel}","templated":true}]}}